{"id":630,"date":"2022-09-30T06:42:27","date_gmt":"2022-09-30T06:42:27","guid":{"rendered":"https:\/\/www.kyberteq.sk\/sluzby\/"},"modified":"2022-10-24T09:35:33","modified_gmt":"2022-10-24T09:35:33","slug":"dienstleistungen","status":"publish","type":"page","link":"https:\/\/www.kyberteq.sk\/de\/dienstleistungen\/","title":{"rendered":"Dienstleistungen"},"content":{"rendered":"<div id=\"pl-gb630-69f0c35fc2470\"  class=\"panel-layout\" ><div id=\"pg-gb630-69f0c35fc2470-0\"  class=\"panel-grid panel-no-style\" ><div id=\"pgc-gb630-69f0c35fc2470-0-0\"  class=\"panel-grid-cell panel-grid-cell-empty\" ><\/div><div id=\"pgc-gb630-69f0c35fc2470-0-1\"  class=\"panel-grid-cell\" ><div id=\"panel-gb630-69f0c35fc2470-0-1-0\" class=\"so-panel widget widget_sow-editor panel-first-child panel-last-child\" data-index=\"0\" ><div\n\t\t\t\n\t\t\tclass=\"so-widget-sow-editor so-widget-sow-editor-base\"\n\t\t\t\n\t\t>\n<div class=\"siteorigin-widget-tinymce textwidget\">\n\t<ul>\n<li>Beratungsleistungen im Bereich SOC2-, ISO20000-, ISO22301-, ISO27001- und ZoKB-Audits<\/li>\n<li>Pr\u00fcfung und Analyse der bestehenden IT-Infrastruktur<\/li>\n<li>Entwurf einer neuen IT-Infrastruktur oder Aufr\u00fcstung\/Aktualisierung bestehender IT-Infrastruktur<\/li>\n<li>Implementierung einzelner Elemente oder einer kompletten IT-Umgebung<\/li>\n<\/ul>\n<\/div>\n<\/div><\/div><\/div><div id=\"pgc-gb630-69f0c35fc2470-0-2\"  class=\"panel-grid-cell panel-grid-cell-empty\" ><\/div><div id=\"pgc-gb630-69f0c35fc2470-0-3\"  class=\"panel-grid-cell panel-grid-cell-mobile-last\" ><div id=\"panel-gb630-69f0c35fc2470-0-3-0\" class=\"so-panel widget widget_sow-editor panel-first-child panel-last-child\" data-index=\"1\" ><div\n\t\t\t\n\t\t\tclass=\"so-widget-sow-editor so-widget-sow-editor-base\"\n\t\t\t\n\t\t>\n<div class=\"siteorigin-widget-tinymce textwidget\">\n\t<ul>\n<li>Verwaltung der IT-Umgebung<\/li>\n<li>Sicherheit als Service<\/li>\n<li>Infrastruktur als ein Service<\/li>\n<li>Beratung im Bereich Cloud-L\u00f6sungen<\/li>\n<li>Betriebs- und Benutzerunterst\u00fctzungsdienste<\/li>\n<\/ul>\n<\/div>\n<\/div><\/div><\/div><div id=\"pgc-gb630-69f0c35fc2470-0-4\"  class=\"panel-grid-cell panel-grid-cell-empty\" ><\/div><\/div><div id=\"pg-gb630-69f0c35fc2470-1\"  class=\"panel-grid panel-no-style\" ><div id=\"pgc-gb630-69f0c35fc2470-1-0\"  class=\"panel-grid-cell\" ><div id=\"panel-gb630-69f0c35fc2470-1-0-0\" class=\"so-panel widget widget_sow-image panel-first-child panel-last-child\" data-index=\"2\" ><div class=\"panel-widget-style panel-widget-style-for-gb630-69f0c35fc2470-1-0-0\" ><div\n\t\t\t\n\t\t\tclass=\"so-widget-sow-image so-widget-sow-image-default-d6014b76747a-630\"\n\t\t\t\n\t\t>\n\n<div class=\"sow-image-container\">\n\t\t<img decoding=\"async\" src=\"https:\/\/www.kyberteq.sk\/wp-content\/uploads\/2022\/09\/6.png\" width=\"1188\" height=\"1211\" srcset=\"https:\/\/www.kyberteq.sk\/wp-content\/uploads\/2022\/09\/6.png 1188w, https:\/\/www.kyberteq.sk\/wp-content\/uploads\/2022\/09\/6-294x300.png 294w, https:\/\/www.kyberteq.sk\/wp-content\/uploads\/2022\/09\/6-1005x1024.png 1005w, https:\/\/www.kyberteq.sk\/wp-content\/uploads\/2022\/09\/6-768x783.png 768w, https:\/\/www.kyberteq.sk\/wp-content\/uploads\/2022\/09\/6-480x489.png 480w, https:\/\/www.kyberteq.sk\/wp-content\/uploads\/2022\/09\/6-992x1011.png 992w\" sizes=\"auto, (max-width: 1188px) 100vw, 1188px\" alt=\"\" loading=\"lazy\" \t\tclass=\"so-widget-image\"\/>\n\t<\/div>\n\n<\/div><\/div><\/div><\/div><div id=\"pgc-gb630-69f0c35fc2470-1-1\"  class=\"panel-grid-cell\" ><div id=\"panel-gb630-69f0c35fc2470-1-1-0\" class=\"so-panel widget widget_sow-editor panel-first-child panel-last-child\" data-index=\"3\" ><div\n\t\t\t\n\t\t\tclass=\"so-widget-sow-editor so-widget-sow-editor-base\"\n\t\t\t\n\t\t>\n<div class=\"siteorigin-widget-tinymce textwidget\">\n\t<h2>Die Sicherheit<\/h2>\n<p>Wir helfen unseren Kunden, die Sicherheit ihrer IT-Umgebung zu erh\u00f6hen, Ressourcen f\u00fcr den Betrieb produktiver Gesch\u00e4ftssysteme mit maximaler Verf\u00fcgbarkeit und Funktionalit\u00e4t effizienter zu nutzen.<\/p>\n<p><a href=\"..\/security\/\" title=\"\" class=\"button button-has-icon\">Finde mehr heraus<span class=\"icon-arrow-right\"><\/span><\/a><\/p>\n<\/div>\n<\/div><\/div><\/div><\/div><div id=\"pg-gb630-69f0c35fc2470-2\"  class=\"panel-grid panel-has-style\" ><div class=\"panel-row-style panel-row-style-for-gb630-69f0c35fc2470-2\" ><div id=\"pgc-gb630-69f0c35fc2470-2-0\"  class=\"panel-grid-cell\" ><div id=\"panel-gb630-69f0c35fc2470-2-0-0\" class=\"so-panel widget widget_sow-editor panel-first-child panel-last-child\" data-index=\"4\" ><div\n\t\t\t\n\t\t\tclass=\"so-widget-sow-editor so-widget-sow-editor-base\"\n\t\t\t\n\t\t>\n<div class=\"siteorigin-widget-tinymce textwidget\">\n\t<h1 style=\"text-align: center;\">Implementierungsdienste<\/h1>\n<\/div>\n<\/div><\/div><\/div><\/div><\/div><div id=\"pg-gb630-69f0c35fc2470-3\"  class=\"panel-grid panel-no-style\" ><div id=\"pgc-gb630-69f0c35fc2470-3-0\"  class=\"panel-grid-cell\" ><div id=\"panel-gb630-69f0c35fc2470-3-0-0\" class=\"so-panel widget widget_sow-editor panel-first-child panel-last-child\" data-index=\"5\" ><div\n\t\t\t\n\t\t\tclass=\"so-widget-sow-editor so-widget-sow-editor-base\"\n\t\t\t\n\t\t>\n<div class=\"siteorigin-widget-tinymce textwidget\">\n\t<h2>Beratungsleistungen<\/h2>\n<p>F\u00fcr Ihre Projekte stellen wir die Dienstleistungen eines Sicherheitsarchitekten f\u00fcr die Dauer des Projekts oder f\u00fcr einen langfristigen Vertrag zur Verf\u00fcgung.<\/p>\n<p><a href=\"..\/konzultacne-sluzby\/\" title=\"\" class=\"button button-has-icon\">Finde mehr heraus<span class=\"icon-arrow-right\"><\/span><\/a><\/p>\n<\/div>\n<\/div><\/div><\/div><div id=\"pgc-gb630-69f0c35fc2470-3-1\"  class=\"panel-grid-cell\" ><div id=\"panel-gb630-69f0c35fc2470-3-1-0\" class=\"so-panel widget widget_sow-image panel-first-child panel-last-child\" data-index=\"6\" ><div class=\"panel-widget-style panel-widget-style-for-gb630-69f0c35fc2470-3-1-0\" ><div\n\t\t\t\n\t\t\tclass=\"so-widget-sow-image so-widget-sow-image-default-d6014b76747a-630\"\n\t\t\t\n\t\t>\n\n<div class=\"sow-image-container\">\n\t\t<img decoding=\"async\" src=\"https:\/\/www.kyberteq.sk\/wp-content\/uploads\/2022\/09\/10.png\" width=\"1188\" height=\"1211\" srcset=\"https:\/\/www.kyberteq.sk\/wp-content\/uploads\/2022\/09\/10.png 1188w, https:\/\/www.kyberteq.sk\/wp-content\/uploads\/2022\/09\/10-294x300.png 294w, https:\/\/www.kyberteq.sk\/wp-content\/uploads\/2022\/09\/10-1005x1024.png 1005w, https:\/\/www.kyberteq.sk\/wp-content\/uploads\/2022\/09\/10-768x783.png 768w, https:\/\/www.kyberteq.sk\/wp-content\/uploads\/2022\/09\/10-480x489.png 480w, https:\/\/www.kyberteq.sk\/wp-content\/uploads\/2022\/09\/10-992x1011.png 992w\" sizes=\"auto, (max-width: 1188px) 100vw, 1188px\" alt=\"\" loading=\"lazy\" \t\tclass=\"so-widget-image\"\/>\n\t<\/div>\n\n<\/div><\/div><\/div><\/div><\/div><div id=\"pg-gb630-69f0c35fc2470-4\"  class=\"panel-grid panel-no-style\" ><div id=\"pgc-gb630-69f0c35fc2470-4-0\"  class=\"panel-grid-cell\" ><div id=\"panel-gb630-69f0c35fc2470-4-0-0\" class=\"so-panel widget widget_sow-image panel-first-child panel-last-child\" data-index=\"7\" ><div class=\"panel-widget-style panel-widget-style-for-gb630-69f0c35fc2470-4-0-0\" ><div\n\t\t\t\n\t\t\tclass=\"so-widget-sow-image so-widget-sow-image-default-d6014b76747a-630\"\n\t\t\t\n\t\t>\n\n<div class=\"sow-image-container\">\n\t\t<img decoding=\"async\" src=\"https:\/\/www.kyberteq.sk\/wp-content\/uploads\/2022\/09\/Group-65.png\" width=\"1188\" height=\"1211\" srcset=\"https:\/\/www.kyberteq.sk\/wp-content\/uploads\/2022\/09\/Group-65.png 1188w, https:\/\/www.kyberteq.sk\/wp-content\/uploads\/2022\/09\/Group-65-294x300.png 294w, https:\/\/www.kyberteq.sk\/wp-content\/uploads\/2022\/09\/Group-65-1005x1024.png 1005w, https:\/\/www.kyberteq.sk\/wp-content\/uploads\/2022\/09\/Group-65-768x783.png 768w, https:\/\/www.kyberteq.sk\/wp-content\/uploads\/2022\/09\/Group-65-480x489.png 480w, https:\/\/www.kyberteq.sk\/wp-content\/uploads\/2022\/09\/Group-65-992x1011.png 992w\" sizes=\"auto, (max-width: 1188px) 100vw, 1188px\" title=\"Group 65\" alt=\"\" loading=\"lazy\" \t\tclass=\"so-widget-image\"\/>\n\t<\/div>\n\n<\/div><\/div><\/div><\/div><div id=\"pgc-gb630-69f0c35fc2470-4-1\"  class=\"panel-grid-cell\" ><div id=\"panel-gb630-69f0c35fc2470-4-1-0\" class=\"so-panel widget widget_sow-editor panel-first-child panel-last-child\" data-index=\"8\" ><div\n\t\t\t\n\t\t\tclass=\"so-widget-sow-editor so-widget-sow-editor-base\"\n\t\t\t\n\t\t>\n<div class=\"siteorigin-widget-tinymce textwidget\">\n\t<h2>Netzwerkinfrastruktur<\/h2>\n<p>Der Austausch von Informationen zwischen Mitarbeitern eines Unternehmens oder einer Institution, von Niederlassungen oder Gesch\u00e4ftspartnern ist der Grundstein f\u00fcr eine gute und flexible Organisation und Arbeitsabl\u00e4ufe<\/p>\n<p><a href=\"..\/sietova-infrastruktura\/\" title=\"\" class=\"button button-has-icon\">Finde mehr heraus<span class=\"icon-arrow-right\"><\/span><\/a><\/p>\n<\/div>\n<\/div><\/div><\/div><\/div><div id=\"pg-gb630-69f0c35fc2470-5\"  class=\"panel-grid panel-has-style\" ><div class=\"panel-row-style panel-row-style-for-gb630-69f0c35fc2470-5\" ><div id=\"pgc-gb630-69f0c35fc2470-5-0\"  class=\"panel-grid-cell\" ><div id=\"panel-gb630-69f0c35fc2470-5-0-0\" class=\"so-panel widget widget_sow-editor panel-first-child panel-last-child\" data-index=\"9\" ><div\n\t\t\t\n\t\t\tclass=\"so-widget-sow-editor so-widget-sow-editor-base\"\n\t\t\t\n\t\t>\n<div class=\"siteorigin-widget-tinymce textwidget\">\n\t<h2>Cloud-L\u00f6sungen<\/h2>\n<p>Wir entwerfen f\u00fcr Sie die ideale Konfiguration f\u00fcr die aktuelle und zuk\u00fcnftig geplante Architektur, die in einer Cloud-Umgebung betrieben wird. Wir personifizieren den Nutzen und empfehlen die notwendigen Sicherheitsma\u00dfnahmen f\u00fcr den Betrieb des Systems in der Cloud. Gleichzeitig erstellen wir einen entsprechenden Kostenvergleich. <\/p>\n<p><a href=\"..\/cloudove-riesenia\/\" title=\"\" class=\"button button-has-icon\">Finde mehr heraus<span class=\"icon-arrow-right\"><\/span><\/a><\/p>\n<\/div>\n<\/div><\/div><\/div><div id=\"pgc-gb630-69f0c35fc2470-5-1\"  class=\"panel-grid-cell\" ><div id=\"panel-gb630-69f0c35fc2470-5-1-0\" class=\"so-panel widget widget_sow-image panel-first-child panel-last-child\" data-index=\"10\" ><div class=\"panel-widget-style panel-widget-style-for-gb630-69f0c35fc2470-5-1-0\" ><div\n\t\t\t\n\t\t\tclass=\"so-widget-sow-image so-widget-sow-image-default-d6014b76747a-630\"\n\t\t\t\n\t\t>\n\n<div class=\"sow-image-container\">\n\t\t<img decoding=\"async\" src=\"https:\/\/www.kyberteq.sk\/wp-content\/uploads\/2022\/09\/9.png\" width=\"1188\" height=\"1211\" srcset=\"https:\/\/www.kyberteq.sk\/wp-content\/uploads\/2022\/09\/9.png 1188w, https:\/\/www.kyberteq.sk\/wp-content\/uploads\/2022\/09\/9-294x300.png 294w, https:\/\/www.kyberteq.sk\/wp-content\/uploads\/2022\/09\/9-1005x1024.png 1005w, https:\/\/www.kyberteq.sk\/wp-content\/uploads\/2022\/09\/9-768x783.png 768w, https:\/\/www.kyberteq.sk\/wp-content\/uploads\/2022\/09\/9-480x489.png 480w, https:\/\/www.kyberteq.sk\/wp-content\/uploads\/2022\/09\/9-992x1011.png 992w\" sizes=\"auto, (max-width: 1188px) 100vw, 1188px\" alt=\"\" loading=\"lazy\" \t\tclass=\"so-widget-image\"\/>\n\t<\/div>\n\n<\/div><\/div><\/div><\/div><\/div><\/div><div id=\"pg-gb630-69f0c35fc2470-6\"  class=\"panel-grid panel-has-style\" ><div class=\"siteorigin-panels-stretch panel-row-style panel-row-style-for-gb630-69f0c35fc2470-6\" data-stretch-type=\"full\" ><div id=\"pgc-gb630-69f0c35fc2470-6-0\"  class=\"panel-grid-cell panel-grid-cell-empty\" ><\/div><div id=\"pgc-gb630-69f0c35fc2470-6-1\"  class=\"panel-grid-cell panel-grid-cell-mobile-last\" ><div id=\"panel-gb630-69f0c35fc2470-6-1-0\" class=\"so-panel widget widget_sow-editor panel-first-child panel-last-child\" data-index=\"11\" ><div\n\t\t\t\n\t\t\tclass=\"so-widget-sow-editor so-widget-sow-editor-base\"\n\t\t\t\n\t\t>\n<div class=\"siteorigin-widget-tinymce textwidget\">\n\t<div>\n<h2 class=\"paragraph\" style=\"text-align: center;\"><span class=\"normaltextrun\">Unsere Dienstleistungen und L\u00f6sungen schaffen langfristigen Mehrwert f\u00fcr Kunden und Freude an der Arbeit f\u00fcr unsere Experten. <\/span><\/h2>\n<p class=\"paragraph\" style=\"text-align: center;\"><span class=\"normaltextrun\">Zufriedenheit und Stabilit\u00e4t auf beiden Seiten ist f\u00fcr uns die Basis f\u00fcr den Aufbau von Vertrauen und einer gesunden Partnerschaft.<\/span><span class=\"eop\"><span lang=\"EN-GB\"> <\/span><\/span><\/p>\n<\/div>\n<\/div>\n<\/div><\/div><\/div><div id=\"pgc-gb630-69f0c35fc2470-6-2\"  class=\"panel-grid-cell panel-grid-cell-empty\" ><\/div><\/div><\/div><\/div>","protected":false},"excerpt":{"rendered":"<p>Beratungsleistungen im Bereich SOC2-, ISO20000-, ISO22301-, ISO27001- und ZoKB-Audits Pr\u00fcfung und Analyse der bestehenden IT-Infrastruktur Entwurf einer neuen IT-Infrastruktur oder Aufr\u00fcstung\/Aktualisierung bestehender IT-Infrastruktur Implementierung einzelner Elemente oder einer kompletten IT-Umgebung Verwaltung der IT-Umgebung Sicherheit als Service Infrastruktur als ein Service Beratung im Bereich Cloud-L\u00f6sungen Betriebs- und Benutzerunterst\u00fctzungsdienste Die Sicherheit Wir helfen unseren Kunden, die Sicherheit [&hellip;]<\/p>\n","protected":false},"author":3,"featured_media":552,"parent":0,"menu_order":0,"comment_status":"closed","ping_status":"closed","template":"","meta":{"footnotes":""},"class_list":["post-630","page","type-page","status-publish","has-post-thumbnail","hentry"],"acf":[],"yoast_head":"<!-- This site is optimized with the Yoast SEO plugin v19.9 - https:\/\/yoast.com\/wordpress\/plugins\/seo\/ -->\n<title>Dienstleistungen - KyberTEQ<\/title>\n<meta name=\"robots\" content=\"index, follow, max-snippet:-1, max-image-preview:large, max-video-preview:-1\" \/>\n<link rel=\"canonical\" href=\"https:\/\/www.kyberteq.sk\/de\/dienstleistungen\/\" \/>\n<meta property=\"og:locale\" content=\"de_DE\" \/>\n<meta property=\"og:type\" content=\"article\" \/>\n<meta property=\"og:title\" content=\"Dienstleistungen - KyberTEQ\" \/>\n<meta property=\"og:description\" content=\"Beratungsleistungen im Bereich SOC2-, ISO20000-, ISO22301-, ISO27001- und ZoKB-Audits Pr\u00fcfung und Analyse der bestehenden IT-Infrastruktur Entwurf einer neuen IT-Infrastruktur oder Aufr\u00fcstung\/Aktualisierung bestehender IT-Infrastruktur Implementierung einzelner Elemente oder einer kompletten IT-Umgebung Verwaltung der IT-Umgebung Sicherheit als Service Infrastruktur als ein Service Beratung im Bereich Cloud-L\u00f6sungen Betriebs- und Benutzerunterst\u00fctzungsdienste Die Sicherheit Wir helfen unseren Kunden, die Sicherheit [&hellip;]\" \/>\n<meta property=\"og:url\" content=\"https:\/\/www.kyberteq.sk\/de\/dienstleistungen\/\" \/>\n<meta property=\"og:site_name\" content=\"KyberTEQ\" \/>\n<meta property=\"article:modified_time\" content=\"2022-10-24T09:35:33+00:00\" \/>\n<meta property=\"og:image\" content=\"https:\/\/www.kyberteq.sk\/wp-content\/uploads\/2022\/09\/page.jpg\" \/>\n\t<meta property=\"og:image:width\" content=\"3753\" \/>\n\t<meta property=\"og:image:height\" content=\"1800\" \/>\n\t<meta property=\"og:image:type\" content=\"image\/jpeg\" \/>\n<meta name=\"twitter:card\" content=\"summary_large_image\" \/>\n<meta name=\"twitter:label1\" content=\"Gesch\u00e4tzte Lesezeit\" \/>\n\t<meta name=\"twitter:data1\" content=\"3\u00a0Minuten\" \/>\n<script type=\"application\/ld+json\" class=\"yoast-schema-graph\">{\"@context\":\"https:\/\/schema.org\",\"@graph\":[{\"@type\":\"WebPage\",\"@id\":\"https:\/\/www.kyberteq.sk\/de\/dienstleistungen\/\",\"url\":\"https:\/\/www.kyberteq.sk\/de\/dienstleistungen\/\",\"name\":\"Dienstleistungen - KyberTEQ\",\"isPartOf\":{\"@id\":\"https:\/\/www.kyberteq.sk\/#website\"},\"datePublished\":\"2022-09-30T06:42:27+00:00\",\"dateModified\":\"2022-10-24T09:35:33+00:00\",\"breadcrumb\":{\"@id\":\"https:\/\/www.kyberteq.sk\/de\/dienstleistungen\/#breadcrumb\"},\"inLanguage\":\"de\",\"potentialAction\":[{\"@type\":\"ReadAction\",\"target\":[\"https:\/\/www.kyberteq.sk\/de\/dienstleistungen\/\"]}]},{\"@type\":\"BreadcrumbList\",\"@id\":\"https:\/\/www.kyberteq.sk\/de\/dienstleistungen\/#breadcrumb\",\"itemListElement\":[{\"@type\":\"ListItem\",\"position\":1,\"name\":\"Home\",\"item\":\"https:\/\/www.kyberteq.sk\/de\/\"},{\"@type\":\"ListItem\",\"position\":2,\"name\":\"Dienstleistungen\"}]},{\"@type\":\"WebSite\",\"@id\":\"https:\/\/www.kyberteq.sk\/#website\",\"url\":\"https:\/\/www.kyberteq.sk\/\",\"name\":\"KyberTEQ\",\"description\":\"\",\"potentialAction\":[{\"@type\":\"SearchAction\",\"target\":{\"@type\":\"EntryPoint\",\"urlTemplate\":\"https:\/\/www.kyberteq.sk\/?s={search_term_string}\"},\"query-input\":\"required name=search_term_string\"}],\"inLanguage\":\"de\"}]}<\/script>\n<!-- \/ Yoast SEO plugin. -->","yoast_head_json":{"title":"Dienstleistungen - KyberTEQ","robots":{"index":"index","follow":"follow","max-snippet":"max-snippet:-1","max-image-preview":"max-image-preview:large","max-video-preview":"max-video-preview:-1"},"canonical":"https:\/\/www.kyberteq.sk\/de\/dienstleistungen\/","og_locale":"de_DE","og_type":"article","og_title":"Dienstleistungen - KyberTEQ","og_description":"Beratungsleistungen im Bereich SOC2-, ISO20000-, ISO22301-, ISO27001- und ZoKB-Audits Pr\u00fcfung und Analyse der bestehenden IT-Infrastruktur Entwurf einer neuen IT-Infrastruktur oder Aufr\u00fcstung\/Aktualisierung bestehender IT-Infrastruktur Implementierung einzelner Elemente oder einer kompletten IT-Umgebung Verwaltung der IT-Umgebung Sicherheit als Service Infrastruktur als ein Service Beratung im Bereich Cloud-L\u00f6sungen Betriebs- und Benutzerunterst\u00fctzungsdienste Die Sicherheit Wir helfen unseren Kunden, die Sicherheit [&hellip;]","og_url":"https:\/\/www.kyberteq.sk\/de\/dienstleistungen\/","og_site_name":"KyberTEQ","article_modified_time":"2022-10-24T09:35:33+00:00","og_image":[{"width":3753,"height":1800,"url":"https:\/\/www.kyberteq.sk\/wp-content\/uploads\/2022\/09\/page.jpg","type":"image\/jpeg"}],"twitter_card":"summary_large_image","twitter_misc":{"Gesch\u00e4tzte Lesezeit":"3\u00a0Minuten"},"schema":{"@context":"https:\/\/schema.org","@graph":[{"@type":"WebPage","@id":"https:\/\/www.kyberteq.sk\/de\/dienstleistungen\/","url":"https:\/\/www.kyberteq.sk\/de\/dienstleistungen\/","name":"Dienstleistungen - KyberTEQ","isPartOf":{"@id":"https:\/\/www.kyberteq.sk\/#website"},"datePublished":"2022-09-30T06:42:27+00:00","dateModified":"2022-10-24T09:35:33+00:00","breadcrumb":{"@id":"https:\/\/www.kyberteq.sk\/de\/dienstleistungen\/#breadcrumb"},"inLanguage":"de","potentialAction":[{"@type":"ReadAction","target":["https:\/\/www.kyberteq.sk\/de\/dienstleistungen\/"]}]},{"@type":"BreadcrumbList","@id":"https:\/\/www.kyberteq.sk\/de\/dienstleistungen\/#breadcrumb","itemListElement":[{"@type":"ListItem","position":1,"name":"Home","item":"https:\/\/www.kyberteq.sk\/de\/"},{"@type":"ListItem","position":2,"name":"Dienstleistungen"}]},{"@type":"WebSite","@id":"https:\/\/www.kyberteq.sk\/#website","url":"https:\/\/www.kyberteq.sk\/","name":"KyberTEQ","description":"","potentialAction":[{"@type":"SearchAction","target":{"@type":"EntryPoint","urlTemplate":"https:\/\/www.kyberteq.sk\/?s={search_term_string}"},"query-input":"required name=search_term_string"}],"inLanguage":"de"}]}},"_links":{"self":[{"href":"https:\/\/www.kyberteq.sk\/de\/wp-json\/wp\/v2\/pages\/630","targetHints":{"allow":["GET"]}}],"collection":[{"href":"https:\/\/www.kyberteq.sk\/de\/wp-json\/wp\/v2\/pages"}],"about":[{"href":"https:\/\/www.kyberteq.sk\/de\/wp-json\/wp\/v2\/types\/page"}],"author":[{"embeddable":true,"href":"https:\/\/www.kyberteq.sk\/de\/wp-json\/wp\/v2\/users\/3"}],"replies":[{"embeddable":true,"href":"https:\/\/www.kyberteq.sk\/de\/wp-json\/wp\/v2\/comments?post=630"}],"version-history":[{"count":4,"href":"https:\/\/www.kyberteq.sk\/de\/wp-json\/wp\/v2\/pages\/630\/revisions"}],"predecessor-version":[{"id":767,"href":"https:\/\/www.kyberteq.sk\/de\/wp-json\/wp\/v2\/pages\/630\/revisions\/767"}],"wp:featuredmedia":[{"embeddable":true,"href":"https:\/\/www.kyberteq.sk\/de\/wp-json\/wp\/v2\/media\/552"}],"wp:attachment":[{"href":"https:\/\/www.kyberteq.sk\/de\/wp-json\/wp\/v2\/media?parent=630"}],"curies":[{"name":"wp","href":"https:\/\/api.w.org\/{rel}","templated":true}]}}