{"id":639,"date":"2022-09-30T08:48:04","date_gmt":"2022-09-30T08:48:04","guid":{"rendered":"https:\/\/www.kyberteq.sk\/netzwerkinfrastruktur\/"},"modified":"2022-10-21T13:43:01","modified_gmt":"2022-10-21T13:43:01","slug":"netzwerkinfrastruktur","status":"publish","type":"page","link":"https:\/\/www.kyberteq.sk\/de\/netzwerkinfrastruktur\/","title":{"rendered":"Netzwerkinfrastruktur"},"content":{"rendered":"<div id=\"pl-gb639-69f0c35fc22f4\"  class=\"panel-layout\" ><div id=\"pg-gb639-69f0c35fc22f4-0\"  class=\"panel-grid panel-has-style\" ><div class=\"panel-row-style panel-row-style-for-gb639-69f0c35fc22f4-0\" ><div id=\"pgc-gb639-69f0c35fc22f4-0-0\"  class=\"panel-grid-cell\" ><div id=\"panel-gb639-69f0c35fc22f4-0-0-0\" class=\"so-panel widget widget_sow-editor panel-first-child panel-last-child\" data-index=\"0\" ><div\n\t\t\t\n\t\t\tclass=\"so-widget-sow-editor so-widget-sow-editor-base\"\n\t\t\t\n\t\t>\n<div class=\"siteorigin-widget-tinymce textwidget\">\n\t<h4>Der Informationsaustausch zwischen Unternehmensmitarbeitern, Institutionen, Niederlassungen oder Gesch\u00e4ftspartnern ist der Grundstein f\u00fcr eine gute und flexible Organisation und Arbeitsabl\u00e4ufe.<\/h4>\n<p>Wir konzentrieren uns darauf, Intranet-Anwendungen zu erstellen und abzusichern, die diese Prozesse nicht nur erleichtern, sondern sie auch bedarfsgerecht vorschreiben.<\/p>\n<\/div>\n<\/div><\/div><\/div><div id=\"pgc-gb639-69f0c35fc22f4-0-1\"  class=\"panel-grid-cell panel-grid-cell-empty\" ><\/div><div id=\"pgc-gb639-69f0c35fc22f4-0-2\"  class=\"panel-grid-cell\" ><div id=\"panel-gb639-69f0c35fc22f4-0-2-0\" class=\"so-panel widget widget_sow-editor panel-first-child panel-last-child\" data-index=\"1\" ><div\n\t\t\t\n\t\t\tclass=\"so-widget-sow-editor so-widget-sow-editor-base\"\n\t\t\t\n\t\t>\n<div class=\"siteorigin-widget-tinymce textwidget\">\n\t<h2>Intranet-Anwendungen k\u00f6nnen mit unserer Publishing-Software mit voller Sicherheitsunterst\u00fctzung implementiert werden.<\/h2>\n<\/div>\n<\/div><\/div><\/div><\/div><\/div><div id=\"pg-gb639-69f0c35fc22f4-1\"  class=\"panel-grid panel-no-style\" ><div id=\"pgc-gb639-69f0c35fc22f4-1-0\"  class=\"panel-grid-cell\" ><div id=\"panel-gb639-69f0c35fc22f4-1-0-0\" class=\"so-panel widget widget_siteorigin-panels-builder panel-first-child panel-last-child\" data-index=\"2\" ><div id=\"pl-w6352a1e34b9be\"  class=\"panel-layout\" ><div id=\"pg-w6352a1e34b9be-0\"  class=\"panel-grid panel-no-style\" ><div id=\"pgc-w6352a1e34b9be-0-0\"  class=\"panel-grid-cell\" ><div id=\"panel-w6352a1e34b9be-0-0-0\" class=\"so-panel widget widget_sow-editor panel-first-child panel-last-child\" data-index=\"0\" ><div\n\t\t\t\n\t\t\tclass=\"so-widget-sow-editor so-widget-sow-editor-base\"\n\t\t\t\n\t\t>\n<div class=\"siteorigin-widget-tinymce textwidget\">\n\t<h2>Netzwerkinfrastruktur <\/h2>\n<\/div>\n<\/div><\/div><\/div><\/div><div id=\"pg-w6352a1e34b9be-1\"  class=\"panel-grid panel-no-style\" ><div id=\"pgc-w6352a1e34b9be-1-0\"  class=\"panel-grid-cell\" ><div id=\"panel-w6352a1e34b9be-1-0-0\" class=\"so-panel widget widget_sow-editor panel-first-child panel-last-child\" data-index=\"1\" ><div\n\t\t\t\n\t\t\tclass=\"so-widget-sow-editor so-widget-sow-editor-base\"\n\t\t\t\n\t\t>\n<div class=\"siteorigin-widget-tinymce textwidget\">\n\t<ul>\n<li>Routing a\u202fswitching<\/li>\n<li>Firewall<\/li>\n<\/ul>\n<\/div>\n<\/div><\/div><\/div><div id=\"pgc-w6352a1e34b9be-1-1\"  class=\"panel-grid-cell\" ><div id=\"panel-w6352a1e34b9be-1-1-0\" class=\"so-panel widget widget_sow-editor panel-first-child panel-last-child\" data-index=\"2\" ><div\n\t\t\t\n\t\t\tclass=\"so-widget-sow-editor so-widget-sow-editor-base\"\n\t\t\t\n\t\t>\n<div class=\"siteorigin-widget-tinymce textwidget\">\n\t<ul>\n<li>VPN<\/li>\n<li>WIFI<\/li>\n<\/ul>\n<\/div>\n<\/div><\/div><\/div><\/div><\/div><\/div><\/div><div id=\"pgc-gb639-69f0c35fc22f4-1-1\"  class=\"panel-grid-cell panel-grid-cell-empty\" ><\/div><div id=\"pgc-gb639-69f0c35fc22f4-1-2\"  class=\"panel-grid-cell\" ><div id=\"panel-gb639-69f0c35fc22f4-1-2-0\" class=\"so-panel widget widget_sow-image panel-first-child panel-last-child\" data-index=\"3\" ><div\n\t\t\t\n\t\t\tclass=\"so-widget-sow-image so-widget-sow-image-default-d6014b76747a-639\"\n\t\t\t\n\t\t>\n\n<div class=\"sow-image-container\">\n\t\t<img decoding=\"async\" src=\"https:\/\/www.kyberteq.sk\/wp-content\/uploads\/2022\/09\/7.png\" width=\"1260\" height=\"1437\" srcset=\"https:\/\/www.kyberteq.sk\/wp-content\/uploads\/2022\/09\/7.png 1260w, https:\/\/www.kyberteq.sk\/wp-content\/uploads\/2022\/09\/7-263x300.png 263w, https:\/\/www.kyberteq.sk\/wp-content\/uploads\/2022\/09\/7-898x1024.png 898w, https:\/\/www.kyberteq.sk\/wp-content\/uploads\/2022\/09\/7-768x876.png 768w, https:\/\/www.kyberteq.sk\/wp-content\/uploads\/2022\/09\/7-480x547.png 480w, https:\/\/www.kyberteq.sk\/wp-content\/uploads\/2022\/09\/7-992x1131.png 992w, https:\/\/www.kyberteq.sk\/wp-content\/uploads\/2022\/09\/7-1200x1369.png 1200w\" sizes=\"auto, (max-width: 1260px) 100vw, 1260px\" alt=\"\" loading=\"lazy\" \t\tclass=\"so-widget-image\"\/>\n\t<\/div>\n\n<\/div><\/div><\/div><\/div><\/div>","protected":false},"excerpt":{"rendered":"<p>Der Informationsaustausch zwischen Unternehmensmitarbeitern, Institutionen, Niederlassungen oder Gesch\u00e4ftspartnern ist der Grundstein f\u00fcr eine gute und flexible Organisation und Arbeitsabl\u00e4ufe. Wir konzentrieren uns darauf, Intranet-Anwendungen zu erstellen und abzusichern, die diese Prozesse nicht nur erleichtern, sondern sie auch bedarfsgerecht vorschreiben. Intranet-Anwendungen k\u00f6nnen mit unserer Publishing-Software mit voller Sicherheitsunterst\u00fctzung implementiert werden.<\/p>\n","protected":false},"author":3,"featured_media":552,"parent":0,"menu_order":0,"comment_status":"closed","ping_status":"closed","template":"page-service.php","meta":{"footnotes":""},"class_list":["post-639","page","type-page","status-publish","has-post-thumbnail","hentry"],"acf":[],"yoast_head":"<!-- This site is optimized with the Yoast SEO plugin v19.9 - https:\/\/yoast.com\/wordpress\/plugins\/seo\/ -->\n<title>Netzwerkinfrastruktur - KyberTEQ<\/title>\n<meta name=\"robots\" content=\"index, follow, max-snippet:-1, max-image-preview:large, max-video-preview:-1\" \/>\n<link rel=\"canonical\" href=\"https:\/\/www.kyberteq.sk\/de\/netzwerkinfrastruktur\/\" \/>\n<meta property=\"og:locale\" content=\"de_DE\" \/>\n<meta property=\"og:type\" content=\"article\" \/>\n<meta property=\"og:title\" content=\"Netzwerkinfrastruktur - KyberTEQ\" \/>\n<meta property=\"og:description\" content=\"Der Informationsaustausch zwischen Unternehmensmitarbeitern, Institutionen, Niederlassungen oder Gesch\u00e4ftspartnern ist der Grundstein f\u00fcr eine gute und flexible Organisation und Arbeitsabl\u00e4ufe. Wir konzentrieren uns darauf, Intranet-Anwendungen zu erstellen und abzusichern, die diese Prozesse nicht nur erleichtern, sondern sie auch bedarfsgerecht vorschreiben. Intranet-Anwendungen k\u00f6nnen mit unserer Publishing-Software mit voller Sicherheitsunterst\u00fctzung implementiert werden.\" \/>\n<meta property=\"og:url\" content=\"https:\/\/www.kyberteq.sk\/de\/netzwerkinfrastruktur\/\" \/>\n<meta property=\"og:site_name\" content=\"KyberTEQ\" \/>\n<meta property=\"article:modified_time\" content=\"2022-10-21T13:43:01+00:00\" \/>\n<meta property=\"og:image\" content=\"https:\/\/www.kyberteq.sk\/wp-content\/uploads\/2022\/09\/page.jpg\" \/>\n\t<meta property=\"og:image:width\" content=\"3753\" \/>\n\t<meta property=\"og:image:height\" content=\"1800\" \/>\n\t<meta property=\"og:image:type\" content=\"image\/jpeg\" \/>\n<meta name=\"twitter:card\" content=\"summary_large_image\" \/>\n<meta name=\"twitter:label1\" content=\"Gesch\u00e4tzte Lesezeit\" \/>\n\t<meta name=\"twitter:data1\" content=\"1\u00a0Minute\" \/>\n<script type=\"application\/ld+json\" class=\"yoast-schema-graph\">{\"@context\":\"https:\/\/schema.org\",\"@graph\":[{\"@type\":\"WebPage\",\"@id\":\"https:\/\/www.kyberteq.sk\/de\/netzwerkinfrastruktur\/\",\"url\":\"https:\/\/www.kyberteq.sk\/de\/netzwerkinfrastruktur\/\",\"name\":\"Netzwerkinfrastruktur - KyberTEQ\",\"isPartOf\":{\"@id\":\"https:\/\/www.kyberteq.sk\/#website\"},\"datePublished\":\"2022-09-30T08:48:04+00:00\",\"dateModified\":\"2022-10-21T13:43:01+00:00\",\"breadcrumb\":{\"@id\":\"https:\/\/www.kyberteq.sk\/de\/netzwerkinfrastruktur\/#breadcrumb\"},\"inLanguage\":\"de\",\"potentialAction\":[{\"@type\":\"ReadAction\",\"target\":[\"https:\/\/www.kyberteq.sk\/de\/netzwerkinfrastruktur\/\"]}]},{\"@type\":\"BreadcrumbList\",\"@id\":\"https:\/\/www.kyberteq.sk\/de\/netzwerkinfrastruktur\/#breadcrumb\",\"itemListElement\":[{\"@type\":\"ListItem\",\"position\":1,\"name\":\"Home\",\"item\":\"https:\/\/www.kyberteq.sk\/de\/\"},{\"@type\":\"ListItem\",\"position\":2,\"name\":\"Netzwerkinfrastruktur\"}]},{\"@type\":\"WebSite\",\"@id\":\"https:\/\/www.kyberteq.sk\/#website\",\"url\":\"https:\/\/www.kyberteq.sk\/\",\"name\":\"KyberTEQ\",\"description\":\"\",\"potentialAction\":[{\"@type\":\"SearchAction\",\"target\":{\"@type\":\"EntryPoint\",\"urlTemplate\":\"https:\/\/www.kyberteq.sk\/?s={search_term_string}\"},\"query-input\":\"required name=search_term_string\"}],\"inLanguage\":\"de\"}]}<\/script>\n<!-- \/ Yoast SEO plugin. -->","yoast_head_json":{"title":"Netzwerkinfrastruktur - KyberTEQ","robots":{"index":"index","follow":"follow","max-snippet":"max-snippet:-1","max-image-preview":"max-image-preview:large","max-video-preview":"max-video-preview:-1"},"canonical":"https:\/\/www.kyberteq.sk\/de\/netzwerkinfrastruktur\/","og_locale":"de_DE","og_type":"article","og_title":"Netzwerkinfrastruktur - KyberTEQ","og_description":"Der Informationsaustausch zwischen Unternehmensmitarbeitern, Institutionen, Niederlassungen oder Gesch\u00e4ftspartnern ist der Grundstein f\u00fcr eine gute und flexible Organisation und Arbeitsabl\u00e4ufe. Wir konzentrieren uns darauf, Intranet-Anwendungen zu erstellen und abzusichern, die diese Prozesse nicht nur erleichtern, sondern sie auch bedarfsgerecht vorschreiben. Intranet-Anwendungen k\u00f6nnen mit unserer Publishing-Software mit voller Sicherheitsunterst\u00fctzung implementiert werden.","og_url":"https:\/\/www.kyberteq.sk\/de\/netzwerkinfrastruktur\/","og_site_name":"KyberTEQ","article_modified_time":"2022-10-21T13:43:01+00:00","og_image":[{"width":3753,"height":1800,"url":"https:\/\/www.kyberteq.sk\/wp-content\/uploads\/2022\/09\/page.jpg","type":"image\/jpeg"}],"twitter_card":"summary_large_image","twitter_misc":{"Gesch\u00e4tzte Lesezeit":"1\u00a0Minute"},"schema":{"@context":"https:\/\/schema.org","@graph":[{"@type":"WebPage","@id":"https:\/\/www.kyberteq.sk\/de\/netzwerkinfrastruktur\/","url":"https:\/\/www.kyberteq.sk\/de\/netzwerkinfrastruktur\/","name":"Netzwerkinfrastruktur - KyberTEQ","isPartOf":{"@id":"https:\/\/www.kyberteq.sk\/#website"},"datePublished":"2022-09-30T08:48:04+00:00","dateModified":"2022-10-21T13:43:01+00:00","breadcrumb":{"@id":"https:\/\/www.kyberteq.sk\/de\/netzwerkinfrastruktur\/#breadcrumb"},"inLanguage":"de","potentialAction":[{"@type":"ReadAction","target":["https:\/\/www.kyberteq.sk\/de\/netzwerkinfrastruktur\/"]}]},{"@type":"BreadcrumbList","@id":"https:\/\/www.kyberteq.sk\/de\/netzwerkinfrastruktur\/#breadcrumb","itemListElement":[{"@type":"ListItem","position":1,"name":"Home","item":"https:\/\/www.kyberteq.sk\/de\/"},{"@type":"ListItem","position":2,"name":"Netzwerkinfrastruktur"}]},{"@type":"WebSite","@id":"https:\/\/www.kyberteq.sk\/#website","url":"https:\/\/www.kyberteq.sk\/","name":"KyberTEQ","description":"","potentialAction":[{"@type":"SearchAction","target":{"@type":"EntryPoint","urlTemplate":"https:\/\/www.kyberteq.sk\/?s={search_term_string}"},"query-input":"required name=search_term_string"}],"inLanguage":"de"}]}},"_links":{"self":[{"href":"https:\/\/www.kyberteq.sk\/de\/wp-json\/wp\/v2\/pages\/639","targetHints":{"allow":["GET"]}}],"collection":[{"href":"https:\/\/www.kyberteq.sk\/de\/wp-json\/wp\/v2\/pages"}],"about":[{"href":"https:\/\/www.kyberteq.sk\/de\/wp-json\/wp\/v2\/types\/page"}],"author":[{"embeddable":true,"href":"https:\/\/www.kyberteq.sk\/de\/wp-json\/wp\/v2\/users\/3"}],"replies":[{"embeddable":true,"href":"https:\/\/www.kyberteq.sk\/de\/wp-json\/wp\/v2\/comments?post=639"}],"version-history":[{"count":2,"href":"https:\/\/www.kyberteq.sk\/de\/wp-json\/wp\/v2\/pages\/639\/revisions"}],"predecessor-version":[{"id":641,"href":"https:\/\/www.kyberteq.sk\/de\/wp-json\/wp\/v2\/pages\/639\/revisions\/641"}],"wp:featuredmedia":[{"embeddable":true,"href":"https:\/\/www.kyberteq.sk\/de\/wp-json\/wp\/v2\/media\/552"}],"wp:attachment":[{"href":"https:\/\/www.kyberteq.sk\/de\/wp-json\/wp\/v2\/media?parent=639"}],"curies":[{"name":"wp","href":"https:\/\/api.w.org\/{rel}","templated":true}]}}