{"id":659,"date":"2022-09-27T16:31:50","date_gmt":"2022-09-27T16:31:50","guid":{"rendered":"https:\/\/www.kyberteq.sk\/gesellschaft\/"},"modified":"2022-10-21T14:05:45","modified_gmt":"2022-10-21T14:05:45","slug":"gesellschaft","status":"publish","type":"page","link":"https:\/\/www.kyberteq.sk\/de\/gesellschaft\/","title":{"rendered":"Gesellschaft"},"content":{"rendered":"<div id=\"pl-gb659-69f0c327072f1\"  class=\"panel-layout\" ><div id=\"pg-gb659-69f0c327072f1-0\"  class=\"panel-grid panel-no-style\" ><div id=\"pgc-gb659-69f0c327072f1-0-0\"  class=\"panel-grid-cell panel-grid-cell-empty\" ><\/div><div id=\"pgc-gb659-69f0c327072f1-0-1\"  class=\"panel-grid-cell panel-grid-cell-mobile-last\" ><div id=\"panel-gb659-69f0c327072f1-0-1-0\" class=\"so-panel widget widget_sow-editor panel-first-child panel-last-child\" data-index=\"0\" ><div\n\t\t\t\n\t\t\tclass=\"so-widget-sow-editor so-widget-sow-editor-base\"\n\t\t\t\n\t\t>\n<div class=\"siteorigin-widget-tinymce textwidget\">\n\t<h1 style=\"text-align: center;\">KyberTEQ ist ein Unternehmen, das sich auf die Bereitstellung von Dienstleistungen im Zusammenhang mit <span style=\"color: #54a576;\">Cybersicherheit konzentriert.<\/span><\/h1>\n<p style=\"text-align: center;\">Wir besch\u00e4ftigen uns auch mit dem Design und der Implementierung komplexer IT-Infrastrukturen,<br \/>\nBeratungsleistungen nach verschiedenen Sicherheitsstandards und Frameworks.<\/p>\n<\/div>\n<\/div><\/div><\/div><div id=\"pgc-gb659-69f0c327072f1-0-2\"  class=\"panel-grid-cell panel-grid-cell-empty\" ><\/div><\/div><div id=\"pg-gb659-69f0c327072f1-1\"  class=\"panel-grid panel-no-style\" ><div id=\"pgc-gb659-69f0c327072f1-1-0\"  class=\"panel-grid-cell\" ><div id=\"panel-gb659-69f0c327072f1-1-0-0\" class=\"so-panel widget widget_sow-image panel-first-child panel-last-child\" data-index=\"1\" ><div\n\t\t\t\n\t\t\tclass=\"so-widget-sow-image so-widget-sow-image-default-d6014b76747a-659\"\n\t\t\t\n\t\t>\n\n<div class=\"sow-image-container\">\n\t\t<img decoding=\"async\" src=\"https:\/\/www.kyberteq.sk\/wp-content\/uploads\/2022\/09\/Group-65.png\" width=\"1188\" height=\"1211\" srcset=\"https:\/\/www.kyberteq.sk\/wp-content\/uploads\/2022\/09\/Group-65.png 1188w, https:\/\/www.kyberteq.sk\/wp-content\/uploads\/2022\/09\/Group-65-294x300.png 294w, https:\/\/www.kyberteq.sk\/wp-content\/uploads\/2022\/09\/Group-65-1005x1024.png 1005w, https:\/\/www.kyberteq.sk\/wp-content\/uploads\/2022\/09\/Group-65-768x783.png 768w, https:\/\/www.kyberteq.sk\/wp-content\/uploads\/2022\/09\/Group-65-480x489.png 480w, https:\/\/www.kyberteq.sk\/wp-content\/uploads\/2022\/09\/Group-65-992x1011.png 992w\" sizes=\"auto, (max-width: 1188px) 100vw, 1188px\" title=\"Group 65\" alt=\"\" loading=\"lazy\" \t\tclass=\"so-widget-image\"\/>\n\t<\/div>\n\n<\/div><\/div><\/div><div id=\"pgc-gb659-69f0c327072f1-1-1\"  class=\"panel-grid-cell\" ><div id=\"panel-gb659-69f0c327072f1-1-1-0\" class=\"so-panel widget widget_sow-editor panel-first-child panel-last-child\" data-index=\"2\" ><div\n\t\t\t\n\t\t\tclass=\"so-widget-sow-editor so-widget-sow-editor-base\"\n\t\t\t\n\t\t>\n<div class=\"siteorigin-widget-tinymce textwidget\">\n\t<h2>Der Mehrwert<\/h2>\n<p>Wir helfen unseren Kunden, die Sicherheit ihrer IT-Umgebung zu erh\u00f6hen, Ressourcen f\u00fcr den Betrieb produktiver Gesch\u00e4ftssysteme mit maximaler Verf\u00fcgbarkeit und Funktionalit\u00e4t effizienter zu nutzen.<\/p>\n<p><a href=\"..\/kontakt\/\" title=\"\" class=\"button button-has-icon button-no-circle\">Finde mehr heraus<span class=\"icon-arrow-right\"><\/span><\/a><\/p>\n<\/div>\n<\/div><\/div><\/div><\/div><div id=\"pg-gb659-69f0c327072f1-2\"  class=\"panel-grid panel-has-style\" ><div class=\"siteorigin-panels-stretch panel-row-style panel-row-style-for-gb659-69f0c327072f1-2\" data-stretch-type=\"full\" ><div id=\"pgc-gb659-69f0c327072f1-2-0\"  class=\"panel-grid-cell panel-grid-cell-mobile-last\" ><div id=\"panel-gb659-69f0c327072f1-2-0-0\" class=\"so-panel widget widget_sow-editor panel-first-child panel-last-child\" data-index=\"3\" ><div\n\t\t\t\n\t\t\tclass=\"so-widget-sow-editor so-widget-sow-editor-base\"\n\t\t\t\n\t\t>\n<div class=\"siteorigin-widget-tinymce textwidget\">\n\t<div class=\"content-section-pre-title\">Dienstleistungen<\/div>\n<h2 style=\"color: #fff; margin-top: 0;\">Wir bieten Ihnen die Dienstleistungen von Sicherheitsarchitekten an, die Teil internationaler Projekte sind.<\/h2>\n<p style=\"color: #fff\">Wir bieten unseren Kunden Dienstleistungen vom Design von L\u00f6sungen bis hin zur Zusammenarbeit verschiedener Art bei der Implementierung und Verwaltung von Netzwerk- und Anwendungssicherheits- und Infrastrukturelementen. Wir bieten auch Security as a Service (SECaaS)- oder Infrastructure as a Service (IaaS)-Services an.<\/p>\n<\/div>\n<\/div><\/div><\/div><div id=\"pgc-gb659-69f0c327072f1-2-1\"  class=\"panel-grid-cell panel-grid-cell-empty\" ><\/div><\/div><\/div><\/div>","protected":false},"excerpt":{"rendered":"<p>KyberTEQ ist ein Unternehmen, das sich auf die Bereitstellung von Dienstleistungen im Zusammenhang mit Cybersicherheit konzentriert. Wir besch\u00e4ftigen uns auch mit dem Design und der Implementierung komplexer IT-Infrastrukturen, Beratungsleistungen nach verschiedenen Sicherheitsstandards und Frameworks. Der Mehrwert Wir helfen unseren Kunden, die Sicherheit ihrer IT-Umgebung zu erh\u00f6hen, Ressourcen f\u00fcr den Betrieb produktiver Gesch\u00e4ftssysteme mit maximaler Verf\u00fcgbarkeit [&hellip;]<\/p>\n","protected":false},"author":1,"featured_media":552,"parent":0,"menu_order":0,"comment_status":"closed","ping_status":"closed","template":"","meta":{"footnotes":""},"class_list":["post-659","page","type-page","status-publish","has-post-thumbnail","hentry"],"acf":[],"yoast_head":"<!-- This site is optimized with the Yoast SEO plugin v19.9 - https:\/\/yoast.com\/wordpress\/plugins\/seo\/ -->\n<title>Gesellschaft - KyberTEQ<\/title>\n<meta name=\"robots\" content=\"index, follow, max-snippet:-1, max-image-preview:large, max-video-preview:-1\" \/>\n<link rel=\"canonical\" href=\"https:\/\/www.kyberteq.sk\/de\/gesellschaft\/\" \/>\n<meta property=\"og:locale\" content=\"de_DE\" \/>\n<meta property=\"og:type\" content=\"article\" \/>\n<meta property=\"og:title\" content=\"Gesellschaft - KyberTEQ\" \/>\n<meta property=\"og:description\" content=\"KyberTEQ ist ein Unternehmen, das sich auf die Bereitstellung von Dienstleistungen im Zusammenhang mit Cybersicherheit konzentriert. Wir besch\u00e4ftigen uns auch mit dem Design und der Implementierung komplexer IT-Infrastrukturen, Beratungsleistungen nach verschiedenen Sicherheitsstandards und Frameworks. Der Mehrwert Wir helfen unseren Kunden, die Sicherheit ihrer IT-Umgebung zu erh\u00f6hen, Ressourcen f\u00fcr den Betrieb produktiver Gesch\u00e4ftssysteme mit maximaler Verf\u00fcgbarkeit [&hellip;]\" \/>\n<meta property=\"og:url\" content=\"https:\/\/www.kyberteq.sk\/de\/gesellschaft\/\" \/>\n<meta property=\"og:site_name\" content=\"KyberTEQ\" \/>\n<meta property=\"article:modified_time\" content=\"2022-10-21T14:05:45+00:00\" \/>\n<meta property=\"og:image\" content=\"https:\/\/www.kyberteq.sk\/wp-content\/uploads\/2022\/09\/page.jpg\" \/>\n\t<meta property=\"og:image:width\" content=\"3753\" \/>\n\t<meta property=\"og:image:height\" content=\"1800\" \/>\n\t<meta property=\"og:image:type\" content=\"image\/jpeg\" \/>\n<meta name=\"twitter:card\" content=\"summary_large_image\" \/>\n<meta name=\"twitter:label1\" content=\"Gesch\u00e4tzte Lesezeit\" \/>\n\t<meta name=\"twitter:data1\" content=\"1\u00a0Minute\" \/>\n<script type=\"application\/ld+json\" class=\"yoast-schema-graph\">{\"@context\":\"https:\/\/schema.org\",\"@graph\":[{\"@type\":\"WebPage\",\"@id\":\"https:\/\/www.kyberteq.sk\/de\/gesellschaft\/\",\"url\":\"https:\/\/www.kyberteq.sk\/de\/gesellschaft\/\",\"name\":\"Gesellschaft - KyberTEQ\",\"isPartOf\":{\"@id\":\"https:\/\/www.kyberteq.sk\/#website\"},\"datePublished\":\"2022-09-27T16:31:50+00:00\",\"dateModified\":\"2022-10-21T14:05:45+00:00\",\"breadcrumb\":{\"@id\":\"https:\/\/www.kyberteq.sk\/de\/gesellschaft\/#breadcrumb\"},\"inLanguage\":\"de\",\"potentialAction\":[{\"@type\":\"ReadAction\",\"target\":[\"https:\/\/www.kyberteq.sk\/de\/gesellschaft\/\"]}]},{\"@type\":\"BreadcrumbList\",\"@id\":\"https:\/\/www.kyberteq.sk\/de\/gesellschaft\/#breadcrumb\",\"itemListElement\":[{\"@type\":\"ListItem\",\"position\":1,\"name\":\"Home\",\"item\":\"https:\/\/www.kyberteq.sk\/de\/\"},{\"@type\":\"ListItem\",\"position\":2,\"name\":\"Gesellschaft\"}]},{\"@type\":\"WebSite\",\"@id\":\"https:\/\/www.kyberteq.sk\/#website\",\"url\":\"https:\/\/www.kyberteq.sk\/\",\"name\":\"KyberTEQ\",\"description\":\"\",\"potentialAction\":[{\"@type\":\"SearchAction\",\"target\":{\"@type\":\"EntryPoint\",\"urlTemplate\":\"https:\/\/www.kyberteq.sk\/?s={search_term_string}\"},\"query-input\":\"required name=search_term_string\"}],\"inLanguage\":\"de\"}]}<\/script>\n<!-- \/ Yoast SEO plugin. -->","yoast_head_json":{"title":"Gesellschaft - KyberTEQ","robots":{"index":"index","follow":"follow","max-snippet":"max-snippet:-1","max-image-preview":"max-image-preview:large","max-video-preview":"max-video-preview:-1"},"canonical":"https:\/\/www.kyberteq.sk\/de\/gesellschaft\/","og_locale":"de_DE","og_type":"article","og_title":"Gesellschaft - KyberTEQ","og_description":"KyberTEQ ist ein Unternehmen, das sich auf die Bereitstellung von Dienstleistungen im Zusammenhang mit Cybersicherheit konzentriert. Wir besch\u00e4ftigen uns auch mit dem Design und der Implementierung komplexer IT-Infrastrukturen, Beratungsleistungen nach verschiedenen Sicherheitsstandards und Frameworks. Der Mehrwert Wir helfen unseren Kunden, die Sicherheit ihrer IT-Umgebung zu erh\u00f6hen, Ressourcen f\u00fcr den Betrieb produktiver Gesch\u00e4ftssysteme mit maximaler Verf\u00fcgbarkeit [&hellip;]","og_url":"https:\/\/www.kyberteq.sk\/de\/gesellschaft\/","og_site_name":"KyberTEQ","article_modified_time":"2022-10-21T14:05:45+00:00","og_image":[{"width":3753,"height":1800,"url":"https:\/\/www.kyberteq.sk\/wp-content\/uploads\/2022\/09\/page.jpg","type":"image\/jpeg"}],"twitter_card":"summary_large_image","twitter_misc":{"Gesch\u00e4tzte Lesezeit":"1\u00a0Minute"},"schema":{"@context":"https:\/\/schema.org","@graph":[{"@type":"WebPage","@id":"https:\/\/www.kyberteq.sk\/de\/gesellschaft\/","url":"https:\/\/www.kyberteq.sk\/de\/gesellschaft\/","name":"Gesellschaft - KyberTEQ","isPartOf":{"@id":"https:\/\/www.kyberteq.sk\/#website"},"datePublished":"2022-09-27T16:31:50+00:00","dateModified":"2022-10-21T14:05:45+00:00","breadcrumb":{"@id":"https:\/\/www.kyberteq.sk\/de\/gesellschaft\/#breadcrumb"},"inLanguage":"de","potentialAction":[{"@type":"ReadAction","target":["https:\/\/www.kyberteq.sk\/de\/gesellschaft\/"]}]},{"@type":"BreadcrumbList","@id":"https:\/\/www.kyberteq.sk\/de\/gesellschaft\/#breadcrumb","itemListElement":[{"@type":"ListItem","position":1,"name":"Home","item":"https:\/\/www.kyberteq.sk\/de\/"},{"@type":"ListItem","position":2,"name":"Gesellschaft"}]},{"@type":"WebSite","@id":"https:\/\/www.kyberteq.sk\/#website","url":"https:\/\/www.kyberteq.sk\/","name":"KyberTEQ","description":"","potentialAction":[{"@type":"SearchAction","target":{"@type":"EntryPoint","urlTemplate":"https:\/\/www.kyberteq.sk\/?s={search_term_string}"},"query-input":"required name=search_term_string"}],"inLanguage":"de"}]}},"_links":{"self":[{"href":"https:\/\/www.kyberteq.sk\/de\/wp-json\/wp\/v2\/pages\/659","targetHints":{"allow":["GET"]}}],"collection":[{"href":"https:\/\/www.kyberteq.sk\/de\/wp-json\/wp\/v2\/pages"}],"about":[{"href":"https:\/\/www.kyberteq.sk\/de\/wp-json\/wp\/v2\/types\/page"}],"author":[{"embeddable":true,"href":"https:\/\/www.kyberteq.sk\/de\/wp-json\/wp\/v2\/users\/1"}],"replies":[{"embeddable":true,"href":"https:\/\/www.kyberteq.sk\/de\/wp-json\/wp\/v2\/comments?post=659"}],"version-history":[{"count":3,"href":"https:\/\/www.kyberteq.sk\/de\/wp-json\/wp\/v2\/pages\/659\/revisions"}],"predecessor-version":[{"id":662,"href":"https:\/\/www.kyberteq.sk\/de\/wp-json\/wp\/v2\/pages\/659\/revisions\/662"}],"wp:featuredmedia":[{"embeddable":true,"href":"https:\/\/www.kyberteq.sk\/de\/wp-json\/wp\/v2\/media\/552"}],"wp:attachment":[{"href":"https:\/\/www.kyberteq.sk\/de\/wp-json\/wp\/v2\/media?parent=659"}],"curies":[{"name":"wp","href":"https:\/\/api.w.org\/{rel}","templated":true}]}}