{"id":667,"date":"2022-09-27T16:35:22","date_gmt":"2022-09-27T16:35:22","guid":{"rendered":"https:\/\/www.kyberteq.sk\/beratungsleistungen\/"},"modified":"2022-10-21T14:10:55","modified_gmt":"2022-10-21T14:10:55","slug":"beratungsleistungen","status":"publish","type":"page","link":"https:\/\/www.kyberteq.sk\/de\/beratungsleistungen\/","title":{"rendered":"Beratungsleistungen"},"content":{"rendered":"<div id=\"pl-gb667-69f0c3500ab82\"  class=\"panel-layout\" ><div id=\"pg-gb667-69f0c3500ab82-0\"  class=\"panel-grid panel-has-style\" ><div class=\"panel-row-style panel-row-style-for-gb667-69f0c3500ab82-0\" ><div id=\"pgc-gb667-69f0c3500ab82-0-0\"  class=\"panel-grid-cell panel-grid-cell-mobile-last\" ><div id=\"panel-gb667-69f0c3500ab82-0-0-0\" class=\"so-panel widget widget_sow-editor panel-first-child panel-last-child\" data-index=\"0\" ><div\n\t\t\t\n\t\t\tclass=\"so-widget-sow-editor so-widget-sow-editor-base\"\n\t\t\t\n\t\t>\n<div class=\"siteorigin-widget-tinymce textwidget\">\n\t<h2>F\u00fcr die Dauer des Projekts oder des langfristigen Vertrags erbringen wir folgende Leistungen:<\/h2>\n<\/div>\n<\/div><\/div><\/div><div id=\"pgc-gb667-69f0c3500ab82-0-1\"  class=\"panel-grid-cell panel-grid-cell-empty\" ><\/div><\/div><\/div><div id=\"pg-gb667-69f0c3500ab82-1\"  class=\"panel-grid panel-no-style\" ><div id=\"pgc-gb667-69f0c3500ab82-1-0\"  class=\"panel-grid-cell\" ><div id=\"panel-gb667-69f0c3500ab82-1-0-0\" class=\"so-panel widget widget_sow-image panel-first-child panel-last-child\" data-index=\"1\" ><div class=\"panel-widget-style panel-widget-style-for-gb667-69f0c3500ab82-1-0-0\" ><div\n\t\t\t\n\t\t\tclass=\"so-widget-sow-image so-widget-sow-image-default-d6014b76747a-667\"\n\t\t\t\n\t\t>\n\n<div class=\"sow-image-container\">\n\t\t<img decoding=\"async\" src=\"https:\/\/www.kyberteq.sk\/wp-content\/uploads\/2022\/09\/1-1.png\" width=\"889\" height=\"787\" srcset=\"https:\/\/www.kyberteq.sk\/wp-content\/uploads\/2022\/09\/1-1.png 889w, https:\/\/www.kyberteq.sk\/wp-content\/uploads\/2022\/09\/1-1-300x266.png 300w, https:\/\/www.kyberteq.sk\/wp-content\/uploads\/2022\/09\/1-1-768x680.png 768w, https:\/\/www.kyberteq.sk\/wp-content\/uploads\/2022\/09\/1-1-480x425.png 480w\" sizes=\"auto, (max-width: 889px) 100vw, 889px\" title=\"1\" alt=\"\" loading=\"lazy\" \t\tclass=\"so-widget-image\"\/>\n\t<\/div>\n\n<\/div><\/div><\/div><\/div><div id=\"pgc-gb667-69f0c3500ab82-1-1\"  class=\"panel-grid-cell\" ><div id=\"panel-gb667-69f0c3500ab82-1-1-0\" class=\"so-panel widget widget_sow-editor panel-first-child panel-last-child\" data-index=\"2\" ><div\n\t\t\t\n\t\t\tclass=\"so-widget-sow-editor so-widget-sow-editor-base\"\n\t\t\t\n\t\t>\n<div class=\"siteorigin-widget-tinymce textwidget\">\n\t<h2>Berater f\u00fcr SOC2<\/h2>\n<p>Unser Berater oder ein Beraterteam bereitet Ihr Unternehmen auf ein Audit nach dem SOC2-Standard vor. Sie organisieren die notwendige Dokumentation und Umsetzung von Prozessen und Regeln. ich bin interessiert <\/p>\n<p><a href=\"..\/kontakt\/\" title=\"\" class=\"button button-has-icon\">ich bin interessiert<span class=\"icon-arrow-right\"><\/span><\/a><\/p>\n<\/div>\n<\/div><\/div><\/div><\/div><div id=\"pg-gb667-69f0c3500ab82-2\"  class=\"panel-grid panel-has-style\" ><div class=\"panel-row-style panel-row-style-for-gb667-69f0c3500ab82-2\" ><div id=\"pgc-gb667-69f0c3500ab82-2-0\"  class=\"panel-grid-cell\" ><div id=\"panel-gb667-69f0c3500ab82-2-0-0\" class=\"so-panel widget widget_sow-editor panel-first-child panel-last-child\" data-index=\"3\" ><div\n\t\t\t\n\t\t\tclass=\"so-widget-sow-editor so-widget-sow-editor-base\"\n\t\t\t\n\t\t>\n<div class=\"siteorigin-widget-tinymce textwidget\">\n\t<hr>\n<\/div>\n<\/div><\/div><\/div><\/div><\/div><div id=\"pg-gb667-69f0c3500ab82-3\"  class=\"panel-grid panel-no-style\" ><div id=\"pgc-gb667-69f0c3500ab82-3-0\"  class=\"panel-grid-cell\" ><div id=\"panel-gb667-69f0c3500ab82-3-0-0\" class=\"so-panel widget widget_sow-editor panel-first-child panel-last-child\" data-index=\"4\" ><div\n\t\t\t\n\t\t\tclass=\"so-widget-sow-editor so-widget-sow-editor-base\"\n\t\t\t\n\t\t>\n<div class=\"siteorigin-widget-tinymce textwidget\">\n\t<h2>Berater f\u00fcr Informationssicherheit<\/h2>\n<p>Unser Berater oder ein Team von Beratern bereitet Ihr Unternehmen auf ein Audit nach dem ISO27001-Standard oder der Gesetzgebung im Bereich Informations- und Cybersicherheit vor, einschlie\u00dflich der Dokumentation und Implementierung der erforderlichen Sicherheitselemente, -prozesse und -regeln. <\/p>\n<p><a href=\"..\/kontakt\/\" title=\"\" class=\"button button-has-icon\">ich bin interessiert<span class=\"icon-arrow-right\"><\/span><\/a><\/p>\n<\/div>\n<\/div><\/div><\/div><div id=\"pgc-gb667-69f0c3500ab82-3-1\"  class=\"panel-grid-cell\" ><div id=\"panel-gb667-69f0c3500ab82-3-1-0\" class=\"so-panel widget widget_sow-image panel-first-child panel-last-child\" data-index=\"5\" ><div class=\"panel-widget-style panel-widget-style-for-gb667-69f0c3500ab82-3-1-0\" ><div\n\t\t\t\n\t\t\tclass=\"so-widget-sow-image so-widget-sow-image-default-d6014b76747a-667\"\n\t\t\t\n\t\t>\n\n<div class=\"sow-image-container\">\n\t\t<img decoding=\"async\" src=\"https:\/\/www.kyberteq.sk\/wp-content\/uploads\/2022\/09\/2-1.png\" width=\"934\" height=\"857\" srcset=\"https:\/\/www.kyberteq.sk\/wp-content\/uploads\/2022\/09\/2-1.png 934w, https:\/\/www.kyberteq.sk\/wp-content\/uploads\/2022\/09\/2-1-300x275.png 300w, https:\/\/www.kyberteq.sk\/wp-content\/uploads\/2022\/09\/2-1-768x705.png 768w, https:\/\/www.kyberteq.sk\/wp-content\/uploads\/2022\/09\/2-1-480x440.png 480w\" sizes=\"auto, (max-width: 934px) 100vw, 934px\" title=\"2\" alt=\"\" loading=\"lazy\" \t\tclass=\"so-widget-image\"\/>\n\t<\/div>\n\n<\/div><\/div><\/div><\/div><\/div><div id=\"pg-gb667-69f0c3500ab82-4\"  class=\"panel-grid panel-has-style\" ><div class=\"panel-row-style panel-row-style-for-gb667-69f0c3500ab82-4\" ><div id=\"pgc-gb667-69f0c3500ab82-4-0\"  class=\"panel-grid-cell\" ><div id=\"panel-gb667-69f0c3500ab82-4-0-0\" class=\"so-panel widget widget_sow-editor panel-first-child panel-last-child\" data-index=\"6\" ><div\n\t\t\t\n\t\t\tclass=\"so-widget-sow-editor so-widget-sow-editor-base\"\n\t\t\t\n\t\t>\n<div class=\"siteorigin-widget-tinymce textwidget\">\n\t<hr>\n<\/div>\n<\/div><\/div><\/div><\/div><\/div><div id=\"pg-gb667-69f0c3500ab82-5\"  class=\"panel-grid panel-no-style\" ><div id=\"pgc-gb667-69f0c3500ab82-5-0\"  class=\"panel-grid-cell\" ><div id=\"panel-gb667-69f0c3500ab82-5-0-0\" class=\"so-panel widget widget_sow-image panel-first-child panel-last-child\" data-index=\"7\" ><div class=\"panel-widget-style panel-widget-style-for-gb667-69f0c3500ab82-5-0-0\" ><div\n\t\t\t\n\t\t\tclass=\"so-widget-sow-image so-widget-sow-image-default-d6014b76747a-667\"\n\t\t\t\n\t\t>\n\n<div class=\"sow-image-container\">\n\t\t<img decoding=\"async\" src=\"https:\/\/www.kyberteq.sk\/wp-content\/uploads\/2022\/09\/3.png\" width=\"1307\" height=\"1024\" srcset=\"https:\/\/www.kyberteq.sk\/wp-content\/uploads\/2022\/09\/3.png 1307w, https:\/\/www.kyberteq.sk\/wp-content\/uploads\/2022\/09\/3-300x235.png 300w, https:\/\/www.kyberteq.sk\/wp-content\/uploads\/2022\/09\/3-1024x802.png 1024w, https:\/\/www.kyberteq.sk\/wp-content\/uploads\/2022\/09\/3-768x602.png 768w, https:\/\/www.kyberteq.sk\/wp-content\/uploads\/2022\/09\/3-480x376.png 480w, https:\/\/www.kyberteq.sk\/wp-content\/uploads\/2022\/09\/3-992x777.png 992w, https:\/\/www.kyberteq.sk\/wp-content\/uploads\/2022\/09\/3-1200x940.png 1200w\" sizes=\"auto, (max-width: 1307px) 100vw, 1307px\" alt=\"\" loading=\"lazy\" \t\tclass=\"so-widget-image\"\/>\n\t<\/div>\n\n<\/div><\/div><\/div><\/div><div id=\"pgc-gb667-69f0c3500ab82-5-1\"  class=\"panel-grid-cell\" ><div id=\"panel-gb667-69f0c3500ab82-5-1-0\" class=\"so-panel widget widget_sow-editor panel-first-child panel-last-child\" data-index=\"8\" ><div\n\t\t\t\n\t\t\tclass=\"so-widget-sow-editor so-widget-sow-editor-base\"\n\t\t\t\n\t\t>\n<div class=\"siteorigin-widget-tinymce textwidget\">\n\t<h2>CISO<\/h2>\n<p>Unser Berater \u00fcbernimmt die Rolle des Information Security Managers (CISO) in Ihrem Unternehmen vollst\u00e4ndig, einschlie\u00dflich der Verantwortung gegen\u00fcber den Anforderungen von Gesetzen und Beh\u00f6rden sowie den Anforderungen und Bed\u00fcrfnissen, die sich aus Sicherheits- und Prozessaudits ergeben. <\/p>\n<p><a href=\"..\/kontakt\/\" title=\"\" class=\"button button-has-icon\">ich bin interessiert<span class=\"icon-arrow-right\"><\/span><\/a><\/p>\n<\/div>\n<\/div><\/div><\/div><\/div><div id=\"pg-gb667-69f0c3500ab82-6\"  class=\"panel-grid panel-has-style\" ><div class=\"panel-row-style panel-row-style-for-gb667-69f0c3500ab82-6\" ><div id=\"pgc-gb667-69f0c3500ab82-6-0\"  class=\"panel-grid-cell\" ><div id=\"panel-gb667-69f0c3500ab82-6-0-0\" class=\"so-panel widget widget_sow-editor panel-first-child panel-last-child\" data-index=\"9\" ><div\n\t\t\t\n\t\t\tclass=\"so-widget-sow-editor so-widget-sow-editor-base\"\n\t\t\t\n\t\t>\n<div class=\"siteorigin-widget-tinymce textwidget\">\n\t<hr>\n<\/div>\n<\/div><\/div><\/div><\/div><\/div><div id=\"pg-gb667-69f0c3500ab82-7\"  class=\"panel-grid panel-no-style\" ><div id=\"pgc-gb667-69f0c3500ab82-7-0\"  class=\"panel-grid-cell\" ><div id=\"panel-gb667-69f0c3500ab82-7-0-0\" class=\"so-panel widget widget_sow-editor panel-first-child panel-last-child\" data-index=\"10\" ><div\n\t\t\t\n\t\t\tclass=\"so-widget-sow-editor so-widget-sow-editor-base\"\n\t\t\t\n\t\t>\n<div class=\"siteorigin-widget-tinymce textwidget\">\n\t<h2>Sicherheitsarchitekt<\/h2>\n<p>F\u00fcr Ihre Projekte erbringen wir die Leistungen eines Sicherheitsarchitekten, der den Projektfortschritt aus Sicht der Informations- und Cybersicherheit \u00fcberwacht und koordiniert, inklusive der notwendigen Sicherheitsdokumentation und Security. ich bin interessiert<\/p>\n<p><a href=\"..\/kontakt\/\" title=\"\" class=\"button button-has-icon\">ich bin interessiert<span class=\"icon-arrow-right\"><\/span><\/a><\/p>\n<\/div>\n<\/div><\/div><\/div><div id=\"pgc-gb667-69f0c3500ab82-7-1\"  class=\"panel-grid-cell\" ><div id=\"panel-gb667-69f0c3500ab82-7-1-0\" class=\"so-panel widget widget_sow-image panel-first-child panel-last-child\" data-index=\"11\" ><div class=\"panel-widget-style panel-widget-style-for-gb667-69f0c3500ab82-7-1-0\" ><div\n\t\t\t\n\t\t\tclass=\"so-widget-sow-image so-widget-sow-image-default-d6014b76747a-667\"\n\t\t\t\n\t\t>\n\n<div class=\"sow-image-container\">\n\t\t<img decoding=\"async\" src=\"https:\/\/www.kyberteq.sk\/wp-content\/uploads\/2022\/09\/4.png\" width=\"1195\" height=\"771\" srcset=\"https:\/\/www.kyberteq.sk\/wp-content\/uploads\/2022\/09\/4.png 1195w, https:\/\/www.kyberteq.sk\/wp-content\/uploads\/2022\/09\/4-300x194.png 300w, https:\/\/www.kyberteq.sk\/wp-content\/uploads\/2022\/09\/4-1024x661.png 1024w, https:\/\/www.kyberteq.sk\/wp-content\/uploads\/2022\/09\/4-768x496.png 768w, https:\/\/www.kyberteq.sk\/wp-content\/uploads\/2022\/09\/4-480x310.png 480w, https:\/\/www.kyberteq.sk\/wp-content\/uploads\/2022\/09\/4-992x640.png 992w\" sizes=\"auto, (max-width: 1195px) 100vw, 1195px\" alt=\"\" loading=\"lazy\" \t\tclass=\"so-widget-image\"\/>\n\t<\/div>\n\n<\/div><\/div><\/div><\/div><\/div><\/div>","protected":false},"excerpt":{"rendered":"<p>F\u00fcr die Dauer des Projekts oder des langfristigen Vertrags erbringen wir folgende Leistungen: Berater f\u00fcr SOC2 Unser Berater oder ein Beraterteam bereitet Ihr Unternehmen auf ein Audit nach dem SOC2-Standard vor. Sie organisieren die notwendige Dokumentation und Umsetzung von Prozessen und Regeln. ich bin interessiert ich bin interessiert<\/p>\n","protected":false},"author":1,"featured_media":556,"parent":0,"menu_order":0,"comment_status":"closed","ping_status":"closed","template":"page-service.php","meta":{"footnotes":""},"class_list":["post-667","page","type-page","status-publish","has-post-thumbnail","hentry"],"acf":[],"yoast_head":"<!-- This site is optimized with the Yoast SEO plugin v19.9 - https:\/\/yoast.com\/wordpress\/plugins\/seo\/ -->\n<title>Beratungsleistungen - KyberTEQ<\/title>\n<meta name=\"robots\" content=\"index, follow, max-snippet:-1, max-image-preview:large, max-video-preview:-1\" \/>\n<link rel=\"canonical\" href=\"https:\/\/www.kyberteq.sk\/de\/beratungsleistungen\/\" \/>\n<meta property=\"og:locale\" content=\"de_DE\" \/>\n<meta property=\"og:type\" content=\"article\" \/>\n<meta property=\"og:title\" content=\"Beratungsleistungen - KyberTEQ\" \/>\n<meta property=\"og:description\" content=\"F\u00fcr die Dauer des Projekts oder des langfristigen Vertrags erbringen wir folgende Leistungen: Berater f\u00fcr SOC2 Unser Berater oder ein Beraterteam bereitet Ihr Unternehmen auf ein Audit nach dem SOC2-Standard vor. Sie organisieren die notwendige Dokumentation und Umsetzung von Prozessen und Regeln. ich bin interessiert ich bin interessiert\" \/>\n<meta property=\"og:url\" content=\"https:\/\/www.kyberteq.sk\/de\/beratungsleistungen\/\" \/>\n<meta property=\"og:site_name\" content=\"KyberTEQ\" \/>\n<meta property=\"article:modified_time\" content=\"2022-10-21T14:10:55+00:00\" \/>\n<meta property=\"og:image\" content=\"https:\/\/www.kyberteq.sk\/wp-content\/uploads\/2022\/09\/page-3.jpg\" \/>\n\t<meta property=\"og:image:width\" content=\"3753\" \/>\n\t<meta property=\"og:image:height\" content=\"1800\" \/>\n\t<meta property=\"og:image:type\" content=\"image\/jpeg\" \/>\n<meta name=\"twitter:card\" content=\"summary_large_image\" \/>\n<meta name=\"twitter:label1\" content=\"Gesch\u00e4tzte Lesezeit\" \/>\n\t<meta name=\"twitter:data1\" content=\"1\u00a0Minute\" \/>\n<script type=\"application\/ld+json\" class=\"yoast-schema-graph\">{\"@context\":\"https:\/\/schema.org\",\"@graph\":[{\"@type\":\"WebPage\",\"@id\":\"https:\/\/www.kyberteq.sk\/de\/beratungsleistungen\/\",\"url\":\"https:\/\/www.kyberteq.sk\/de\/beratungsleistungen\/\",\"name\":\"Beratungsleistungen - KyberTEQ\",\"isPartOf\":{\"@id\":\"https:\/\/www.kyberteq.sk\/#website\"},\"datePublished\":\"2022-09-27T16:35:22+00:00\",\"dateModified\":\"2022-10-21T14:10:55+00:00\",\"breadcrumb\":{\"@id\":\"https:\/\/www.kyberteq.sk\/de\/beratungsleistungen\/#breadcrumb\"},\"inLanguage\":\"de\",\"potentialAction\":[{\"@type\":\"ReadAction\",\"target\":[\"https:\/\/www.kyberteq.sk\/de\/beratungsleistungen\/\"]}]},{\"@type\":\"BreadcrumbList\",\"@id\":\"https:\/\/www.kyberteq.sk\/de\/beratungsleistungen\/#breadcrumb\",\"itemListElement\":[{\"@type\":\"ListItem\",\"position\":1,\"name\":\"Home\",\"item\":\"https:\/\/www.kyberteq.sk\/de\/\"},{\"@type\":\"ListItem\",\"position\":2,\"name\":\"Beratungsleistungen\"}]},{\"@type\":\"WebSite\",\"@id\":\"https:\/\/www.kyberteq.sk\/#website\",\"url\":\"https:\/\/www.kyberteq.sk\/\",\"name\":\"KyberTEQ\",\"description\":\"\",\"potentialAction\":[{\"@type\":\"SearchAction\",\"target\":{\"@type\":\"EntryPoint\",\"urlTemplate\":\"https:\/\/www.kyberteq.sk\/?s={search_term_string}\"},\"query-input\":\"required name=search_term_string\"}],\"inLanguage\":\"de\"}]}<\/script>\n<!-- \/ Yoast SEO plugin. -->","yoast_head_json":{"title":"Beratungsleistungen - KyberTEQ","robots":{"index":"index","follow":"follow","max-snippet":"max-snippet:-1","max-image-preview":"max-image-preview:large","max-video-preview":"max-video-preview:-1"},"canonical":"https:\/\/www.kyberteq.sk\/de\/beratungsleistungen\/","og_locale":"de_DE","og_type":"article","og_title":"Beratungsleistungen - KyberTEQ","og_description":"F\u00fcr die Dauer des Projekts oder des langfristigen Vertrags erbringen wir folgende Leistungen: Berater f\u00fcr SOC2 Unser Berater oder ein Beraterteam bereitet Ihr Unternehmen auf ein Audit nach dem SOC2-Standard vor. Sie organisieren die notwendige Dokumentation und Umsetzung von Prozessen und Regeln. ich bin interessiert ich bin interessiert","og_url":"https:\/\/www.kyberteq.sk\/de\/beratungsleistungen\/","og_site_name":"KyberTEQ","article_modified_time":"2022-10-21T14:10:55+00:00","og_image":[{"width":3753,"height":1800,"url":"https:\/\/www.kyberteq.sk\/wp-content\/uploads\/2022\/09\/page-3.jpg","type":"image\/jpeg"}],"twitter_card":"summary_large_image","twitter_misc":{"Gesch\u00e4tzte Lesezeit":"1\u00a0Minute"},"schema":{"@context":"https:\/\/schema.org","@graph":[{"@type":"WebPage","@id":"https:\/\/www.kyberteq.sk\/de\/beratungsleistungen\/","url":"https:\/\/www.kyberteq.sk\/de\/beratungsleistungen\/","name":"Beratungsleistungen - KyberTEQ","isPartOf":{"@id":"https:\/\/www.kyberteq.sk\/#website"},"datePublished":"2022-09-27T16:35:22+00:00","dateModified":"2022-10-21T14:10:55+00:00","breadcrumb":{"@id":"https:\/\/www.kyberteq.sk\/de\/beratungsleistungen\/#breadcrumb"},"inLanguage":"de","potentialAction":[{"@type":"ReadAction","target":["https:\/\/www.kyberteq.sk\/de\/beratungsleistungen\/"]}]},{"@type":"BreadcrumbList","@id":"https:\/\/www.kyberteq.sk\/de\/beratungsleistungen\/#breadcrumb","itemListElement":[{"@type":"ListItem","position":1,"name":"Home","item":"https:\/\/www.kyberteq.sk\/de\/"},{"@type":"ListItem","position":2,"name":"Beratungsleistungen"}]},{"@type":"WebSite","@id":"https:\/\/www.kyberteq.sk\/#website","url":"https:\/\/www.kyberteq.sk\/","name":"KyberTEQ","description":"","potentialAction":[{"@type":"SearchAction","target":{"@type":"EntryPoint","urlTemplate":"https:\/\/www.kyberteq.sk\/?s={search_term_string}"},"query-input":"required name=search_term_string"}],"inLanguage":"de"}]}},"_links":{"self":[{"href":"https:\/\/www.kyberteq.sk\/de\/wp-json\/wp\/v2\/pages\/667","targetHints":{"allow":["GET"]}}],"collection":[{"href":"https:\/\/www.kyberteq.sk\/de\/wp-json\/wp\/v2\/pages"}],"about":[{"href":"https:\/\/www.kyberteq.sk\/de\/wp-json\/wp\/v2\/types\/page"}],"author":[{"embeddable":true,"href":"https:\/\/www.kyberteq.sk\/de\/wp-json\/wp\/v2\/users\/1"}],"replies":[{"embeddable":true,"href":"https:\/\/www.kyberteq.sk\/de\/wp-json\/wp\/v2\/comments?post=667"}],"version-history":[{"count":3,"href":"https:\/\/www.kyberteq.sk\/de\/wp-json\/wp\/v2\/pages\/667\/revisions"}],"predecessor-version":[{"id":670,"href":"https:\/\/www.kyberteq.sk\/de\/wp-json\/wp\/v2\/pages\/667\/revisions\/670"}],"wp:featuredmedia":[{"embeddable":true,"href":"https:\/\/www.kyberteq.sk\/de\/wp-json\/wp\/v2\/media\/556"}],"wp:attachment":[{"href":"https:\/\/www.kyberteq.sk\/de\/wp-json\/wp\/v2\/media?parent=667"}],"curies":[{"name":"wp","href":"https:\/\/api.w.org\/{rel}","templated":true}]}}