{"id":683,"date":"2022-09-30T07:39:42","date_gmt":"2022-09-30T07:39:42","guid":{"rendered":"https:\/\/www.kyberteq.sk\/kontakt\/"},"modified":"2023-03-17T13:05:50","modified_gmt":"2023-03-17T13:05:50","slug":"kontakt","status":"publish","type":"page","link":"https:\/\/www.kyberteq.sk\/de\/kontakt\/","title":{"rendered":"Kontakt"},"content":{"rendered":"<div id=\"pl-gb683-69f0c32707394\"  class=\"panel-layout\" ><div id=\"pg-gb683-69f0c32707394-0\"  class=\"panel-grid panel-no-style\" ><div id=\"pgc-gb683-69f0c32707394-0-0\"  class=\"panel-grid-cell\" ><div id=\"panel-gb683-69f0c32707394-0-0-0\" class=\"so-panel widget widget_sow-editor panel-first-child panel-last-child\" data-index=\"0\" ><div\n\t\t\t\n\t\t\tclass=\"so-widget-sow-editor so-widget-sow-editor-base\"\n\t\t\t\n\t\t>\n<div class=\"siteorigin-widget-tinymce textwidget\">\n\t<p><b>Betrieb<br \/>\n<\/b>Einsteinova 11<br \/>\n851 01 Bratislava<\/p>\n<p><b>Rechnungsdaten<\/b><br \/>\nKyberTEQ, s.r.o.<br \/>\nPalis\u00e1dy 50,<br \/>\n811 06 Bratislava &#8211; mestsk\u00e1 \u010das\u0165 Star\u00e9 Mesto<\/p>\n<p>I\u010cO: 54281458<br \/>\nDI\u010c: 2121620182<br \/>\nI\u010c DPH: SK2121620182<\/p>\n<h4><a href=\"tel:+421908979653\">+421 908 979 653<\/a><br \/>\n<a href=\"mailto:info@kyberteq.eu\">info@kyberteq.sk<\/a><\/h4>\n<\/div>\n<\/div><\/div><\/div><div id=\"pgc-gb683-69f0c32707394-0-1\"  class=\"panel-grid-cell\" ><div id=\"panel-gb683-69f0c32707394-0-1-0\" class=\"so-panel widget widget_sow-editor panel-first-child panel-last-child\" data-index=\"1\" ><div\n\t\t\t\n\t\t\tclass=\"so-widget-sow-editor so-widget-sow-editor-base\"\n\t\t\t\n\t\t>\n<div class=\"siteorigin-widget-tinymce textwidget\">\n\t<div style=\"width: 100%\"><iframe loading=\"lazy\" width=\"100%\" height=\"600\" frameborder=\"0\" scrolling=\"no\" marginheight=\"0\" marginwidth=\"0\" src=\"https:\/\/maps.google.com\/maps?width=100%25&amp;height=600&amp;hl=en&amp;q=Einsteinova%2011,%20851%2001%20Bratislava+(Kyberteq)&amp;t=&amp;z=14&amp;ie=UTF8&amp;iwloc=B&amp;output=embed\"><a href=\"https:\/\/www.maps.ie\/distance-area-calculator.html\">area maps<\/a><\/iframe><\/div>\n<\/div>\n<\/div><\/div><\/div><\/div><div id=\"pg-gb683-69f0c32707394-1\"  class=\"panel-grid panel-has-style\" ><div class=\"siteorigin-panels-stretch panel-row-style panel-row-style-for-gb683-69f0c32707394-1\" data-stretch-type=\"full\" ><div id=\"pgc-gb683-69f0c32707394-1-0\"  class=\"panel-grid-cell\" ><div id=\"panel-gb683-69f0c32707394-1-0-0\" class=\"so-panel widget widget_sow-editor panel-first-child panel-last-child\" data-index=\"2\" ><div class=\"panel-widget-style panel-widget-style-for-gb683-69f0c32707394-1-0-0\" ><div\n\t\t\t\n\t\t\tclass=\"so-widget-sow-editor so-widget-sow-editor-base\"\n\t\t\t\n\t\t>\n<div class=\"siteorigin-widget-tinymce textwidget\">\n\t<h1>Bei Fragen z\u00f6gern Sie nicht uns zu kontaktieren.<\/h1>\n<\/div>\n<\/div><\/div><\/div><\/div><div id=\"pgc-gb683-69f0c32707394-1-1\"  class=\"panel-grid-cell\" ><div id=\"panel-gb683-69f0c32707394-1-1-0\" class=\"so-panel widget widget_sow-editor panel-first-child panel-last-child\" data-index=\"3\" ><div class=\"panel-widget-style panel-widget-style-for-gb683-69f0c32707394-1-1-0\" ><div\n\t\t\t\n\t\t\tclass=\"so-widget-sow-editor so-widget-sow-editor-base\"\n\t\t\t\n\t\t>\n<div class=\"siteorigin-widget-tinymce textwidget\">\n\t<section class=\"content-section panel-contact-form\" id=\"kontakt\">\n  <div class=\"container\">\n    <article>\n      <div class=\"contact-form-container\">\n        <div class=\"form-title\">Sie interessieren sich f\u00fcr unsere Dienstleistungen?<\/div>\n        <!--<div class=\"form-sub-title\">Kontaktujte n\u00e1s prostrednictvom formul\u00e1ru<\/div>!-->\n        <div class=\"form-wrapper\">\n          <form class=\"contact\" action=\"https:\/\/www.kyberteq.sk\/wp-content\/themes\/kyberteq\/forms\/contact\/send.php\" method=\"post\" data-js-callback=\"site.submitGeneralForm\">\n  <div class=\"inner\">\n    <fieldset>\n      <div class=\"columns-wrapper\">\n                <div class=\"column full-width\">\n          <div class=\"form-control-group\">\n            <label class=\"form-control-label\">Telefonnummer<\/label>\n            <div class=\"input-wrapper\">\n              <input type=\"tel\" name=\"phone\" class=\"form-control\" title=\"\" placeholder=\"+421\" required>\n            <\/div>\n            <div class=\"form-control-error\" data-rel=\"phone\">Trage deine Telefonnummer ein.<\/div>\n          <\/div>\n        <\/div>\n        <div class=\"column full-width\">\n          <div class=\"form-control-group\">\n            <div class=\"input-wrapper\">\n              <label class=\"form-control-label\">E-mail<\/label>\n              <div class=\"input-wrapper\">\n                <input type=\"email\" name=\"email\" class=\"form-control\" title=\"\" placeholder=\"@\" required>\n              <\/div>\n              <div class=\"form-control-error\" data-rel=\"email\">Geben sie ihre E-Mailadresse ein.<\/div>\n            <\/div>\n          <\/div>\n        <\/div>\n        <div class=\"column full-width\">\n          <div class=\"form-control-group\">\n            <div class=\"input-wrapper\">\n              <label class=\"form-control-label\">Nachricht<\/label>\n              <div class=\"input-wrapper\">\n                <textarea name=\"message\" class=\"form-control\" title=\"\" placeholder=\"Hallo ...\" required><\/textarea>\n              <\/div>\n              <div class=\"form-control-error\" data-rel=\"message\">Schreiben Sie uns eine Nachricht.<\/div>\n            <\/div>\n          <\/div>\n        <\/div>\n        <div class=\"column full-width\">\n          <div class=\"form-control-group checkbox\">\n            <label class=\"checkbox\">\n              <input type=\"checkbox\" name=\"terms\" value=\"1\" title=\"\" required>\n              <span>Ich stimme der <a href=\"https:\/\/www.kyberteq.sk\/gdpr\/\" title=\"\">Verarbeitung personenbezogener Daten<\/a> zu<\/span>\n            <\/label>\n            <div class=\"form-control-error\" data-rel=\"terms\">S\u00fahlaste so spracovan\u00edm osobn\u00fdch \u00fadajov.<\/div>\n          <\/div>\n        <\/div>\n      <\/div>\n    <\/fieldset>\n    <div class=\"buttons-container\">\n      <button type=\"submit\" name=\"submit\" class=\"button\">Nachricht senden<\/button>\n    <\/div>\n  <\/div>\n  <input type=\"hidden\" name=\"view\" value=\"ajax\">\n  <input type=\"hidden\" name=\"action-name\" value=\"send\">\n    <input type=\"hidden\" name=\"page\" value=\"https:\/\/www.kyberteq.sk\/de\/wp-json\/wp\/v2\/pages\/683\">\n  <input type=\"hidden\" name=\"lang\" value=\"de\">\n  <input type=\"hidden\" name=\"redirect\" value=\"\/dakujeme\">\n  <input type=\"hidden\" name=\"recaptcha_response\" class=\"g-recaptcha\" data-key=\"6LcqAlwiAAAAAPdm8aHzm49Q4Mhb3Vx1jvmU1ajM\">\n  <div class=\"overlay\">\n    <div class=\"content\">\n      <p>Nachricht wird gesendet&#8230;<\/p>\n      <img decoding=\"async\" src=\"https:\/\/www.kyberteq.sk\/wp-content\/themes\/kyberteq\/img\/loader-dark.svg\" alt=\"\" class=\"loader\">\n    <\/div>\n  <\/div>\n<\/form>        <\/div>\n      <\/div>\n    <\/article>\n  <\/div>\n<\/section>\n<\/div>\n<\/div><\/div><\/div><\/div><\/div><\/div><\/div>","protected":false},"excerpt":{"rendered":"<p>Betrieb Einsteinova 11 851 01 Bratislava Rechnungsdaten KyberTEQ, s.r.o. Palis\u00e1dy 50, 811 06 Bratislava &#8211; mestsk\u00e1 \u010das\u0165 Star\u00e9 Mesto I\u010cO: 54281458 DI\u010c: 2121620182 I\u010c DPH: SK2121620182 +421 908 979 653 info@kyberteq.sk area maps Bei Fragen z\u00f6gern Sie nicht uns zu kontaktieren.<\/p>\n","protected":false},"author":3,"featured_media":552,"parent":0,"menu_order":0,"comment_status":"closed","ping_status":"closed","template":"","meta":{"footnotes":""},"class_list":["post-683","page","type-page","status-publish","has-post-thumbnail","hentry"],"acf":[],"yoast_head":"<!-- This site is optimized with the Yoast SEO plugin v19.9 - https:\/\/yoast.com\/wordpress\/plugins\/seo\/ -->\n<title>Kontakt - KyberTEQ<\/title>\n<meta name=\"robots\" content=\"index, follow, max-snippet:-1, max-image-preview:large, max-video-preview:-1\" \/>\n<link rel=\"canonical\" href=\"https:\/\/www.kyberteq.sk\/de\/kontakt\/\" \/>\n<meta property=\"og:locale\" content=\"de_DE\" \/>\n<meta property=\"og:type\" content=\"article\" \/>\n<meta property=\"og:title\" content=\"Kontakt - KyberTEQ\" \/>\n<meta property=\"og:description\" content=\"Betrieb Einsteinova 11 851 01 Bratislava Rechnungsdaten KyberTEQ, s.r.o. Palis\u00e1dy 50, 811 06 Bratislava - mestsk\u00e1 \u010das\u0165 Star\u00e9 Mesto I\u010cO: 54281458 DI\u010c: 2121620182 I\u010c DPH: SK2121620182 +421 908 979 653 info@kyberteq.sk area maps Bei Fragen z\u00f6gern Sie nicht uns zu kontaktieren.\" \/>\n<meta property=\"og:url\" content=\"https:\/\/www.kyberteq.sk\/de\/kontakt\/\" \/>\n<meta property=\"og:site_name\" content=\"KyberTEQ\" \/>\n<meta property=\"article:modified_time\" content=\"2023-03-17T13:05:50+00:00\" \/>\n<meta property=\"og:image\" content=\"https:\/\/www.kyberteq.sk\/wp-content\/uploads\/2022\/09\/page.jpg\" \/>\n\t<meta property=\"og:image:width\" content=\"3753\" \/>\n\t<meta property=\"og:image:height\" content=\"1800\" \/>\n\t<meta property=\"og:image:type\" content=\"image\/jpeg\" \/>\n<meta name=\"twitter:card\" content=\"summary_large_image\" \/>\n<meta name=\"twitter:label1\" content=\"Gesch\u00e4tzte Lesezeit\" \/>\n\t<meta name=\"twitter:data1\" content=\"1\u00a0Minute\" \/>\n<script type=\"application\/ld+json\" class=\"yoast-schema-graph\">{\"@context\":\"https:\/\/schema.org\",\"@graph\":[{\"@type\":\"WebPage\",\"@id\":\"https:\/\/www.kyberteq.sk\/de\/kontakt\/\",\"url\":\"https:\/\/www.kyberteq.sk\/de\/kontakt\/\",\"name\":\"Kontakt - KyberTEQ\",\"isPartOf\":{\"@id\":\"https:\/\/www.kyberteq.sk\/#website\"},\"datePublished\":\"2022-09-30T07:39:42+00:00\",\"dateModified\":\"2023-03-17T13:05:50+00:00\",\"breadcrumb\":{\"@id\":\"https:\/\/www.kyberteq.sk\/de\/kontakt\/#breadcrumb\"},\"inLanguage\":\"de\",\"potentialAction\":[{\"@type\":\"ReadAction\",\"target\":[\"https:\/\/www.kyberteq.sk\/de\/kontakt\/\"]}]},{\"@type\":\"BreadcrumbList\",\"@id\":\"https:\/\/www.kyberteq.sk\/de\/kontakt\/#breadcrumb\",\"itemListElement\":[{\"@type\":\"ListItem\",\"position\":1,\"name\":\"Home\",\"item\":\"https:\/\/www.kyberteq.sk\/de\/\"},{\"@type\":\"ListItem\",\"position\":2,\"name\":\"Kontakt\"}]},{\"@type\":\"WebSite\",\"@id\":\"https:\/\/www.kyberteq.sk\/#website\",\"url\":\"https:\/\/www.kyberteq.sk\/\",\"name\":\"KyberTEQ\",\"description\":\"\",\"potentialAction\":[{\"@type\":\"SearchAction\",\"target\":{\"@type\":\"EntryPoint\",\"urlTemplate\":\"https:\/\/www.kyberteq.sk\/?s={search_term_string}\"},\"query-input\":\"required name=search_term_string\"}],\"inLanguage\":\"de\"}]}<\/script>\n<!-- \/ Yoast SEO plugin. -->","yoast_head_json":{"title":"Kontakt - KyberTEQ","robots":{"index":"index","follow":"follow","max-snippet":"max-snippet:-1","max-image-preview":"max-image-preview:large","max-video-preview":"max-video-preview:-1"},"canonical":"https:\/\/www.kyberteq.sk\/de\/kontakt\/","og_locale":"de_DE","og_type":"article","og_title":"Kontakt - KyberTEQ","og_description":"Betrieb Einsteinova 11 851 01 Bratislava Rechnungsdaten KyberTEQ, s.r.o. Palis\u00e1dy 50, 811 06 Bratislava - mestsk\u00e1 \u010das\u0165 Star\u00e9 Mesto I\u010cO: 54281458 DI\u010c: 2121620182 I\u010c DPH: SK2121620182 +421 908 979 653 info@kyberteq.sk area maps Bei Fragen z\u00f6gern Sie nicht uns zu kontaktieren.","og_url":"https:\/\/www.kyberteq.sk\/de\/kontakt\/","og_site_name":"KyberTEQ","article_modified_time":"2023-03-17T13:05:50+00:00","og_image":[{"width":3753,"height":1800,"url":"https:\/\/www.kyberteq.sk\/wp-content\/uploads\/2022\/09\/page.jpg","type":"image\/jpeg"}],"twitter_card":"summary_large_image","twitter_misc":{"Gesch\u00e4tzte Lesezeit":"1\u00a0Minute"},"schema":{"@context":"https:\/\/schema.org","@graph":[{"@type":"WebPage","@id":"https:\/\/www.kyberteq.sk\/de\/kontakt\/","url":"https:\/\/www.kyberteq.sk\/de\/kontakt\/","name":"Kontakt - KyberTEQ","isPartOf":{"@id":"https:\/\/www.kyberteq.sk\/#website"},"datePublished":"2022-09-30T07:39:42+00:00","dateModified":"2023-03-17T13:05:50+00:00","breadcrumb":{"@id":"https:\/\/www.kyberteq.sk\/de\/kontakt\/#breadcrumb"},"inLanguage":"de","potentialAction":[{"@type":"ReadAction","target":["https:\/\/www.kyberteq.sk\/de\/kontakt\/"]}]},{"@type":"BreadcrumbList","@id":"https:\/\/www.kyberteq.sk\/de\/kontakt\/#breadcrumb","itemListElement":[{"@type":"ListItem","position":1,"name":"Home","item":"https:\/\/www.kyberteq.sk\/de\/"},{"@type":"ListItem","position":2,"name":"Kontakt"}]},{"@type":"WebSite","@id":"https:\/\/www.kyberteq.sk\/#website","url":"https:\/\/www.kyberteq.sk\/","name":"KyberTEQ","description":"","potentialAction":[{"@type":"SearchAction","target":{"@type":"EntryPoint","urlTemplate":"https:\/\/www.kyberteq.sk\/?s={search_term_string}"},"query-input":"required name=search_term_string"}],"inLanguage":"de"}]}},"_links":{"self":[{"href":"https:\/\/www.kyberteq.sk\/de\/wp-json\/wp\/v2\/pages\/683","targetHints":{"allow":["GET"]}}],"collection":[{"href":"https:\/\/www.kyberteq.sk\/de\/wp-json\/wp\/v2\/pages"}],"about":[{"href":"https:\/\/www.kyberteq.sk\/de\/wp-json\/wp\/v2\/types\/page"}],"author":[{"embeddable":true,"href":"https:\/\/www.kyberteq.sk\/de\/wp-json\/wp\/v2\/users\/3"}],"replies":[{"embeddable":true,"href":"https:\/\/www.kyberteq.sk\/de\/wp-json\/wp\/v2\/comments?post=683"}],"version-history":[{"count":9,"href":"https:\/\/www.kyberteq.sk\/de\/wp-json\/wp\/v2\/pages\/683\/revisions"}],"predecessor-version":[{"id":826,"href":"https:\/\/www.kyberteq.sk\/de\/wp-json\/wp\/v2\/pages\/683\/revisions\/826"}],"wp:featuredmedia":[{"embeddable":true,"href":"https:\/\/www.kyberteq.sk\/de\/wp-json\/wp\/v2\/media\/552"}],"wp:attachment":[{"href":"https:\/\/www.kyberteq.sk\/de\/wp-json\/wp\/v2\/media?parent=683"}],"curies":[{"name":"wp","href":"https:\/\/api.w.org\/{rel}","templated":true}]}}