{"id":691,"date":"2022-09-30T08:48:28","date_gmt":"2022-09-30T08:48:28","guid":{"rendered":"https:\/\/www.kyberteq.sk\/cloud-loesungen\/"},"modified":"2022-10-21T14:24:54","modified_gmt":"2022-10-21T14:24:54","slug":"cloud-loesungen","status":"publish","type":"page","link":"https:\/\/www.kyberteq.sk\/de\/cloud-loesungen\/","title":{"rendered":"Cloud-L\u00f6sungen"},"content":{"rendered":"<div id=\"pl-gb691-69f0c35a4fc7e\"  class=\"panel-layout\" ><div id=\"pg-gb691-69f0c35a4fc7e-0\"  class=\"panel-grid panel-no-style\" ><div id=\"pgc-gb691-69f0c35a4fc7e-0-0\"  class=\"panel-grid-cell\" ><div id=\"panel-gb691-69f0c35a4fc7e-0-0-0\" class=\"so-panel widget widget_sow-editor panel-first-child panel-last-child\" data-index=\"0\" ><div\n\t\t\t\n\t\t\tclass=\"so-widget-sow-editor so-widget-sow-editor-base\"\n\t\t\t\n\t\t>\n<div class=\"siteorigin-widget-tinymce textwidget\">\n\t<h2>Beratung zu Cloud-L\u00f6sungen<\/h2>\n<\/div>\n<\/div><\/div><\/div><div id=\"pgc-gb691-69f0c35a4fc7e-0-1\"  class=\"panel-grid-cell\" ><div id=\"panel-gb691-69f0c35a4fc7e-0-1-0\" class=\"so-panel widget widget_sow-editor panel-first-child panel-last-child\" data-index=\"1\" ><div\n\t\t\t\n\t\t\tclass=\"so-widget-sow-editor so-widget-sow-editor-base\"\n\t\t\t\n\t\t>\n<div class=\"siteorigin-widget-tinymce textwidget\">\n\t<div>\n<p class=\"paragraph\"><span class=\"normaltextrun\">\u00dcberlegen Sie, Ihre Infrastruktur oder Anwendungen in die Cloud zu verlagern? Beurteilen Sie den Nutzen dieses Schrittes, die damit verbundenen Vorteile und potenziellen Nachteile? <\/span><\/p>\n<p class=\"paragraph\"><span class=\"normaltextrun\"> Wir schlagen Ihnen die ideale Konfiguration f\u00fcr die aktuelle und zuk\u00fcnftig geplante Architektur vor, die in einer Cloud-Umgebung betrieben wird. Wir personifizieren den Nutzen und empfehlen die notwendigen Sicherheitsma\u00dfnahmen f\u00fcr den Betrieb des Systems in der Cloud. Gleichzeitig erstellen wir einen entsprechenden Kostenvergleich.<\/span><span class=\"eop\"><span lang=\"EN-GB\"> <\/span><\/span><\/p>\n<\/div>\n<\/div>\n<\/div><\/div><\/div><\/div><div id=\"pg-gb691-69f0c35a4fc7e-1\"  class=\"panel-grid panel-has-style\" ><div class=\"siteorigin-panels-stretch panel-row-style panel-row-style-for-gb691-69f0c35a4fc7e-1\" data-stretch-type=\"full\" ><div id=\"pgc-gb691-69f0c35a4fc7e-1-0\"  class=\"panel-grid-cell panel-grid-cell-empty\" ><\/div><div id=\"pgc-gb691-69f0c35a4fc7e-1-1\"  class=\"panel-grid-cell\" ><div id=\"panel-gb691-69f0c35a4fc7e-1-1-0\" class=\"so-panel widget widget_sow-editor panel-first-child panel-last-child\" data-index=\"2\" ><div class=\"panel-widget-style panel-widget-style-for-gb691-69f0c35a4fc7e-1-1-0\" ><div\n\t\t\t\n\t\t\tclass=\"so-widget-sow-editor so-widget-sow-editor-base\"\n\t\t\t\n\t\t>\n<div class=\"siteorigin-widget-tinymce textwidget\">\n\t<h2>Cloud-Entwicklung<\/h2>\n<div>\n<p class=\"paragraph\"><span class=\"normaltextrun\">Wenn Sie sich f\u00fcr die Nutzung der Cloud als Betriebsort Ihrer Systeme entscheiden, helfen wir Ihnen, eine optimale virtuelle Infrastruktur zu schaffen und die notwendigen Sicherheitsma\u00dfnahmen umzusetzen. <\/span><\/p>\n<p class=\"paragraph\"><span class=\"normaltextrun\">Wir entwerfen ein ma\u00dfgeschneidertes Benutzerverwaltungsmodell, um den kontinuierlichen Betrieb der Dienste in der erforderlichen Qualit\u00e4t sicherzustellen.<\/span><span class=\"normaltextrun\"> Dar\u00fcber hinaus helfen wir Ihnen bei der Installation der erforderlichen Produkte und stellen deren Verf\u00fcgbarkeit sicher.<\/span><span class=\"eop\"> <\/span><\/p>\n<\/div>\n<\/div>\n<\/div><\/div><\/div><\/div><\/div><\/div><div id=\"pg-gb691-69f0c35a4fc7e-2\"  class=\"panel-grid panel-has-style\" ><div class=\"panel-row-style panel-row-style-for-gb691-69f0c35a4fc7e-2\" ><div id=\"pgc-gb691-69f0c35a4fc7e-2-0\"  class=\"panel-grid-cell\" ><div id=\"panel-gb691-69f0c35a4fc7e-2-0-0\" class=\"so-panel widget widget_sow-editor panel-first-child panel-last-child\" data-index=\"3\" ><div\n\t\t\t\n\t\t\tclass=\"so-widget-sow-editor so-widget-sow-editor-base\"\n\t\t\t\n\t\t>\n<div class=\"siteorigin-widget-tinymce textwidget\">\n\t<h2>Cloud-Betrieb und -\u00dcberwachung<\/h2>\n<p style=\"font-weight: 400;\">Legen Sie den Betrieb Ihrer L\u00f6sungen in der Cloud in unsere H\u00e4nde. Unsere zertifizierten Spezialisten stellen den operativen Betrieb und die \u00dcberwachung der Infrastruktur in der Cloud sicher.<\/p>\n<p><a href=\"https:..\/kontakt\/\" title=\"\" class=\"button button-has-icon\">Kontaktiere uns<span class=\"icon-arrow-right\"><\/span><\/a><\/span><\/a><\/p>\n<\/div>\n<\/div><\/div><\/div><div id=\"pgc-gb691-69f0c35a4fc7e-2-1\"  class=\"panel-grid-cell panel-grid-cell-empty\" ><\/div><div id=\"pgc-gb691-69f0c35a4fc7e-2-2\"  class=\"panel-grid-cell\" ><div id=\"panel-gb691-69f0c35a4fc7e-2-2-0\" class=\"so-panel widget widget_sow-image panel-first-child panel-last-child\" data-index=\"4\" ><div\n\t\t\t\n\t\t\tclass=\"so-widget-sow-image so-widget-sow-image-default-d6014b76747a-691\"\n\t\t\t\n\t\t>\n\n<div class=\"sow-image-container\">\n\t\t<img decoding=\"async\" src=\"https:\/\/www.kyberteq.sk\/wp-content\/uploads\/2022\/09\/9.png\" width=\"1188\" height=\"1211\" srcset=\"https:\/\/www.kyberteq.sk\/wp-content\/uploads\/2022\/09\/9.png 1188w, https:\/\/www.kyberteq.sk\/wp-content\/uploads\/2022\/09\/9-294x300.png 294w, https:\/\/www.kyberteq.sk\/wp-content\/uploads\/2022\/09\/9-1005x1024.png 1005w, https:\/\/www.kyberteq.sk\/wp-content\/uploads\/2022\/09\/9-768x783.png 768w, https:\/\/www.kyberteq.sk\/wp-content\/uploads\/2022\/09\/9-480x489.png 480w, https:\/\/www.kyberteq.sk\/wp-content\/uploads\/2022\/09\/9-992x1011.png 992w\" sizes=\"auto, (max-width: 1188px) 100vw, 1188px\" alt=\"\" loading=\"lazy\" \t\tclass=\"so-widget-image\"\/>\n\t<\/div>\n\n<\/div><\/div><\/div><\/div><\/div><div id=\"pg-gb691-69f0c35a4fc7e-3\"  class=\"panel-grid panel-no-style\" ><div id=\"pgc-gb691-69f0c35a4fc7e-3-0\"  class=\"panel-grid-cell\" ><div id=\"panel-gb691-69f0c35a4fc7e-3-0-0\" class=\"so-panel widget widget_sow-editor panel-first-child panel-last-child\" data-index=\"5\" ><div\n\t\t\t\n\t\t\tclass=\"so-widget-sow-editor so-widget-sow-editor-base\"\n\t\t\t\n\t\t>\n<div class=\"siteorigin-widget-tinymce textwidget\">\n\t<div>\n<h2 class=\"paragraph\" style=\"text-align: center;\"><span class=\"normaltextrun\">Vorteile von Cloud-L\u00f6sungen<\/span><span class=\"eop\"><span lang=\"EN-GB\"> <\/span><\/span><\/h2>\n<\/div>\n<\/div>\n<\/div><\/div><\/div><\/div><div id=\"pg-gb691-69f0c35a4fc7e-4\"  class=\"panel-grid panel-no-style\" ><div id=\"pgc-gb691-69f0c35a4fc7e-4-0\"  class=\"panel-grid-cell\" ><div id=\"panel-gb691-69f0c35a4fc7e-4-0-0\" class=\"so-panel widget widget_sow-editor panel-first-child panel-last-child\" data-index=\"6\" ><div\n\t\t\t\n\t\t\tclass=\"so-widget-sow-editor so-widget-sow-editor-base\"\n\t\t\t\n\t\t>\n<div class=\"siteorigin-widget-tinymce textwidget\">\n\t<ul>\n<li>Variables Kostenmodell und Minimierung der Inputinvestitionen<\/li>\n<li>Optimiertes Lizenzierungsmodell f\u00fcr Software und Infrastruktur<\/li>\n<li>Niedrigere IT-Betriebskosten<\/li>\n<\/ul>\n<\/div>\n<\/div><\/div><\/div><div id=\"pgc-gb691-69f0c35a4fc7e-4-1\"  class=\"panel-grid-cell\" ><div id=\"panel-gb691-69f0c35a4fc7e-4-1-0\" class=\"so-panel widget widget_sow-editor panel-first-child panel-last-child\" data-index=\"7\" ><div\n\t\t\t\n\t\t\tclass=\"so-widget-sow-editor so-widget-sow-editor-base\"\n\t\t\t\n\t\t>\n<div class=\"siteorigin-widget-tinymce textwidget\">\n\t<ul>\n<li>Unbegrenzte Skalierbarkeit und Flexibilit\u00e4t je nach Auslastung und aktuellen Anforderungen Ihres Unternehmens<\/li>\n<li>Sofortige Verf\u00fcgbarkeit modernster Technologien mit Schwerpunkt auf Innovation<\/li>\n<\/ul>\n<\/div>\n<\/div><\/div><\/div><\/div><div id=\"pg-gb691-69f0c35a4fc7e-5\"  class=\"panel-grid panel-no-style\" ><div id=\"pgc-gb691-69f0c35a4fc7e-5-0\"  class=\"panel-grid-cell\" ><div id=\"panel-gb691-69f0c35a4fc7e-5-0-0\" class=\"so-panel widget widget_sow-editor panel-first-child panel-last-child\" data-index=\"8\" ><div\n\t\t\t\n\t\t\tclass=\"so-widget-sow-editor so-widget-sow-editor-base\"\n\t\t\t\n\t\t>\n<div class=\"siteorigin-widget-tinymce textwidget\">\n\t<hr>\n<\/div>\n<\/div><\/div><\/div><\/div><div id=\"pg-gb691-69f0c35a4fc7e-6\"  class=\"panel-grid panel-has-style\" ><div class=\"panel-row-style panel-row-style-for-gb691-69f0c35a4fc7e-6\" ><div id=\"pgc-gb691-69f0c35a4fc7e-6-0\"  class=\"panel-grid-cell panel-grid-cell-empty\" ><\/div><div id=\"pgc-gb691-69f0c35a4fc7e-6-1\"  class=\"panel-grid-cell panel-grid-cell-mobile-last\" ><div id=\"panel-gb691-69f0c35a4fc7e-6-1-0\" class=\"so-panel widget widget_sow-editor panel-first-child panel-last-child\" data-index=\"9\" ><div\n\t\t\t\n\t\t\tclass=\"so-widget-sow-editor so-widget-sow-editor-base\"\n\t\t\t\n\t\t>\n<div class=\"siteorigin-widget-tinymce textwidget\">\n\t<h2 style=\"text-align: center;\">Lesen Sie auch einen Artikel von unserem CDO \u00fcber die Vorteile der Cloud und was die Cloud zu bieten hat<\/h2>\n<p style=\"text-align: center;\"><a href=\"https:\/\/www.linkedin.com\/pulse\/5-faktov-o-aws-cloud-ktor%C3%A9-mal-pozna%C5%A5-ka%C5%BEd%C3%BD-ceo-gabriel-szoke\/\" target=\"blank\" title=\"\" class=\"button button-has-icon\" rel=\"noopener\">Weiterlesen<span class=\"icon-arrow-right\"><\/span><\/a><\/p>\n<\/div>\n<\/div><\/div><\/div><div id=\"pgc-gb691-69f0c35a4fc7e-6-2\"  class=\"panel-grid-cell panel-grid-cell-empty\" ><\/div><\/div><\/div><\/div>","protected":false},"excerpt":{"rendered":"<p>Beratung zu Cloud-L\u00f6sungen \u00dcberlegen Sie, Ihre Infrastruktur oder Anwendungen in die Cloud zu verlagern? Beurteilen Sie den Nutzen dieses Schrittes, die damit verbundenen Vorteile und potenziellen Nachteile? Wir schlagen Ihnen die ideale Konfiguration f\u00fcr die aktuelle und zuk\u00fcnftig geplante Architektur vor, die in einer Cloud-Umgebung betrieben wird. Wir personifizieren den Nutzen und empfehlen die notwendigen [&hellip;]<\/p>\n","protected":false},"author":3,"featured_media":552,"parent":0,"menu_order":0,"comment_status":"closed","ping_status":"closed","template":"page-service.php","meta":{"footnotes":""},"class_list":["post-691","page","type-page","status-publish","has-post-thumbnail","hentry"],"acf":[],"yoast_head":"<!-- This site is optimized with the Yoast SEO plugin v19.9 - https:\/\/yoast.com\/wordpress\/plugins\/seo\/ -->\n<title>Cloud-L\u00f6sungen - KyberTEQ<\/title>\n<meta name=\"robots\" content=\"index, follow, max-snippet:-1, max-image-preview:large, max-video-preview:-1\" \/>\n<link rel=\"canonical\" href=\"https:\/\/www.kyberteq.sk\/de\/cloud-loesungen\/\" \/>\n<meta property=\"og:locale\" content=\"de_DE\" \/>\n<meta property=\"og:type\" content=\"article\" \/>\n<meta property=\"og:title\" content=\"Cloud-L\u00f6sungen - KyberTEQ\" \/>\n<meta property=\"og:description\" content=\"Beratung zu Cloud-L\u00f6sungen \u00dcberlegen Sie, Ihre Infrastruktur oder Anwendungen in die Cloud zu verlagern? Beurteilen Sie den Nutzen dieses Schrittes, die damit verbundenen Vorteile und potenziellen Nachteile? Wir schlagen Ihnen die ideale Konfiguration f\u00fcr die aktuelle und zuk\u00fcnftig geplante Architektur vor, die in einer Cloud-Umgebung betrieben wird. Wir personifizieren den Nutzen und empfehlen die notwendigen [&hellip;]\" \/>\n<meta property=\"og:url\" content=\"https:\/\/www.kyberteq.sk\/de\/cloud-loesungen\/\" \/>\n<meta property=\"og:site_name\" content=\"KyberTEQ\" \/>\n<meta property=\"article:modified_time\" content=\"2022-10-21T14:24:54+00:00\" \/>\n<meta property=\"og:image\" content=\"https:\/\/www.kyberteq.sk\/wp-content\/uploads\/2022\/09\/page.jpg\" \/>\n\t<meta property=\"og:image:width\" content=\"3753\" \/>\n\t<meta property=\"og:image:height\" content=\"1800\" \/>\n\t<meta property=\"og:image:type\" content=\"image\/jpeg\" \/>\n<meta name=\"twitter:card\" content=\"summary_large_image\" \/>\n<meta name=\"twitter:label1\" content=\"Gesch\u00e4tzte Lesezeit\" \/>\n\t<meta name=\"twitter:data1\" content=\"1\u00a0Minute\" \/>\n<script type=\"application\/ld+json\" class=\"yoast-schema-graph\">{\"@context\":\"https:\/\/schema.org\",\"@graph\":[{\"@type\":\"WebPage\",\"@id\":\"https:\/\/www.kyberteq.sk\/de\/cloud-loesungen\/\",\"url\":\"https:\/\/www.kyberteq.sk\/de\/cloud-loesungen\/\",\"name\":\"Cloud-L\u00f6sungen - KyberTEQ\",\"isPartOf\":{\"@id\":\"https:\/\/www.kyberteq.sk\/#website\"},\"datePublished\":\"2022-09-30T08:48:28+00:00\",\"dateModified\":\"2022-10-21T14:24:54+00:00\",\"breadcrumb\":{\"@id\":\"https:\/\/www.kyberteq.sk\/de\/cloud-loesungen\/#breadcrumb\"},\"inLanguage\":\"de\",\"potentialAction\":[{\"@type\":\"ReadAction\",\"target\":[\"https:\/\/www.kyberteq.sk\/de\/cloud-loesungen\/\"]}]},{\"@type\":\"BreadcrumbList\",\"@id\":\"https:\/\/www.kyberteq.sk\/de\/cloud-loesungen\/#breadcrumb\",\"itemListElement\":[{\"@type\":\"ListItem\",\"position\":1,\"name\":\"Home\",\"item\":\"https:\/\/www.kyberteq.sk\/de\/\"},{\"@type\":\"ListItem\",\"position\":2,\"name\":\"Cloud-L\u00f6sungen\"}]},{\"@type\":\"WebSite\",\"@id\":\"https:\/\/www.kyberteq.sk\/#website\",\"url\":\"https:\/\/www.kyberteq.sk\/\",\"name\":\"KyberTEQ\",\"description\":\"\",\"potentialAction\":[{\"@type\":\"SearchAction\",\"target\":{\"@type\":\"EntryPoint\",\"urlTemplate\":\"https:\/\/www.kyberteq.sk\/?s={search_term_string}\"},\"query-input\":\"required name=search_term_string\"}],\"inLanguage\":\"de\"}]}<\/script>\n<!-- \/ Yoast SEO plugin. -->","yoast_head_json":{"title":"Cloud-L\u00f6sungen - KyberTEQ","robots":{"index":"index","follow":"follow","max-snippet":"max-snippet:-1","max-image-preview":"max-image-preview:large","max-video-preview":"max-video-preview:-1"},"canonical":"https:\/\/www.kyberteq.sk\/de\/cloud-loesungen\/","og_locale":"de_DE","og_type":"article","og_title":"Cloud-L\u00f6sungen - KyberTEQ","og_description":"Beratung zu Cloud-L\u00f6sungen \u00dcberlegen Sie, Ihre Infrastruktur oder Anwendungen in die Cloud zu verlagern? Beurteilen Sie den Nutzen dieses Schrittes, die damit verbundenen Vorteile und potenziellen Nachteile? Wir schlagen Ihnen die ideale Konfiguration f\u00fcr die aktuelle und zuk\u00fcnftig geplante Architektur vor, die in einer Cloud-Umgebung betrieben wird. Wir personifizieren den Nutzen und empfehlen die notwendigen [&hellip;]","og_url":"https:\/\/www.kyberteq.sk\/de\/cloud-loesungen\/","og_site_name":"KyberTEQ","article_modified_time":"2022-10-21T14:24:54+00:00","og_image":[{"width":3753,"height":1800,"url":"https:\/\/www.kyberteq.sk\/wp-content\/uploads\/2022\/09\/page.jpg","type":"image\/jpeg"}],"twitter_card":"summary_large_image","twitter_misc":{"Gesch\u00e4tzte Lesezeit":"1\u00a0Minute"},"schema":{"@context":"https:\/\/schema.org","@graph":[{"@type":"WebPage","@id":"https:\/\/www.kyberteq.sk\/de\/cloud-loesungen\/","url":"https:\/\/www.kyberteq.sk\/de\/cloud-loesungen\/","name":"Cloud-L\u00f6sungen - KyberTEQ","isPartOf":{"@id":"https:\/\/www.kyberteq.sk\/#website"},"datePublished":"2022-09-30T08:48:28+00:00","dateModified":"2022-10-21T14:24:54+00:00","breadcrumb":{"@id":"https:\/\/www.kyberteq.sk\/de\/cloud-loesungen\/#breadcrumb"},"inLanguage":"de","potentialAction":[{"@type":"ReadAction","target":["https:\/\/www.kyberteq.sk\/de\/cloud-loesungen\/"]}]},{"@type":"BreadcrumbList","@id":"https:\/\/www.kyberteq.sk\/de\/cloud-loesungen\/#breadcrumb","itemListElement":[{"@type":"ListItem","position":1,"name":"Home","item":"https:\/\/www.kyberteq.sk\/de\/"},{"@type":"ListItem","position":2,"name":"Cloud-L\u00f6sungen"}]},{"@type":"WebSite","@id":"https:\/\/www.kyberteq.sk\/#website","url":"https:\/\/www.kyberteq.sk\/","name":"KyberTEQ","description":"","potentialAction":[{"@type":"SearchAction","target":{"@type":"EntryPoint","urlTemplate":"https:\/\/www.kyberteq.sk\/?s={search_term_string}"},"query-input":"required name=search_term_string"}],"inLanguage":"de"}]}},"_links":{"self":[{"href":"https:\/\/www.kyberteq.sk\/de\/wp-json\/wp\/v2\/pages\/691","targetHints":{"allow":["GET"]}}],"collection":[{"href":"https:\/\/www.kyberteq.sk\/de\/wp-json\/wp\/v2\/pages"}],"about":[{"href":"https:\/\/www.kyberteq.sk\/de\/wp-json\/wp\/v2\/types\/page"}],"author":[{"embeddable":true,"href":"https:\/\/www.kyberteq.sk\/de\/wp-json\/wp\/v2\/users\/3"}],"replies":[{"embeddable":true,"href":"https:\/\/www.kyberteq.sk\/de\/wp-json\/wp\/v2\/comments?post=691"}],"version-history":[{"count":3,"href":"https:\/\/www.kyberteq.sk\/de\/wp-json\/wp\/v2\/pages\/691\/revisions"}],"predecessor-version":[{"id":694,"href":"https:\/\/www.kyberteq.sk\/de\/wp-json\/wp\/v2\/pages\/691\/revisions\/694"}],"wp:featuredmedia":[{"embeddable":true,"href":"https:\/\/www.kyberteq.sk\/de\/wp-json\/wp\/v2\/media\/552"}],"wp:attachment":[{"href":"https:\/\/www.kyberteq.sk\/de\/wp-json\/wp\/v2\/media?parent=691"}],"curies":[{"name":"wp","href":"https:\/\/api.w.org\/{rel}","templated":true}]}}